{"id":2088,"date":"2023-10-10T20:15:10","date_gmt":"2023-10-10T20:15:10","guid":{"rendered":"https:\/\/holisticclinicspa.com\/?page_id=2088"},"modified":"2024-01-19T22:52:16","modified_gmt":"2024-01-19T22:52:16","slug":"turismo","status":"publish","type":"page","link":"https:\/\/holisticclinicspa.com\/en\/turismo\/","title":{"rendered":"Tourism"},"content":{"rendered":"<div data-elementor-type=\"wp-page\" data-elementor-id=\"2088\" class=\"elementor elementor-2088\" data-elementor-post-type=\"page\">\n\t\t\t\t\t\t<section class=\"elementor-section elementor-top-section elementor-element elementor-element-aa3be0f elementor-section-full_width elementor-hidden-tablet elementor-hidden-mobile elementor-section-height-default elementor-section-height-default\" data-id=\"aa3be0f\" data-element_type=\"section\" data-e-type=\"section\" data-settings=\"{&quot;background_background&quot;:&quot;classic&quot;}\">\n\t\t\t\t\t\t\t<div class=\"elementor-background-overlay\"><\/div>\n\t\t\t\t\t\t\t<div class=\"elementor-container elementor-column-gap-default\">\n\t\t\t\t\t<div class=\"elementor-column elementor-col-100 elementor-top-column elementor-element elementor-element-d41b1c4\" data-id=\"d41b1c4\" data-element_type=\"column\" data-e-type=\"column\" data-settings=\"{&quot;background_background&quot;:&quot;classic&quot;}\">\n\t\t\t<div class=\"elementor-widget-wrap elementor-element-populated\">\n\t\t\t\t\t\t<div class=\"elementor-element elementor-element-819fc9f elementor-widget elementor-widget-spacer\" data-id=\"819fc9f\" data-element_type=\"widget\" data-e-type=\"widget\" data-widget_type=\"spacer.default\">\n\t\t\t\t<div class=\"elementor-widget-container\">\n\t\t\t\t\t\t\t<div class=\"elementor-spacer\">\n\t\t\t<div class=\"elementor-spacer-inner\"><\/div>\n\t\t<\/div>\n\t\t\t\t\t\t<\/div>\n\t\t\t\t<\/div>\n\t\t\t\t<div class=\"elementor-element elementor-element-f546e14 elementor-widget elementor-widget-heading\" data-id=\"f546e14\" data-element_type=\"widget\" data-e-type=\"widget\" data-widget_type=\"heading.default\">\n\t\t\t\t<div class=\"elementor-widget-container\">\n\t\t\t\t\t<span class=\"elementor-heading-title elementor-size-default\">Live, heal and travel<\/span>\t\t\t\t<\/div>\n\t\t\t\t<\/div>\n\t\t\t\t<section class=\"elementor-section elementor-inner-section elementor-element elementor-element-cc31e17 elementor-section-boxed elementor-section-height-default elementor-section-height-default\" data-id=\"cc31e17\" data-element_type=\"section\" data-e-type=\"section\">\n\t\t\t\t\t\t<div class=\"elementor-container elementor-column-gap-default\">\n\t\t\t\t\t<div class=\"elementor-column elementor-col-33 elementor-inner-column elementor-element elementor-element-afbca32\" data-id=\"afbca32\" data-element_type=\"column\" data-e-type=\"column\">\n\t\t\t<div class=\"elementor-widget-wrap elementor-element-populated\">\n\t\t\t\t\t\t<div class=\"elementor-element elementor-element-ae08c79 elementor-widget__width-initial elementor-widget elementor-widget-text-editor\" data-id=\"ae08c79\" data-element_type=\"widget\" data-e-type=\"widget\" data-widget_type=\"text-editor.default\">\n\t\t\t\t<div class=\"elementor-widget-container\">\n\t\t\t\t\t\t\t\t\t<p>At Holistic Clinic, we want your journey towards the recovery of your wellness to be exceptional and that your stay with us exceeds all your expectations.<\/p>\t\t\t\t\t\t\t\t<\/div>\n\t\t\t\t<\/div>\n\t\t\t\t<div class=\"elementor-element elementor-element-64d9bc1 elementor-widget elementor-widget-image\" data-id=\"64d9bc1\" data-element_type=\"widget\" data-e-type=\"widget\" data-widget_type=\"image.default\">\n\t\t\t\t<div class=\"elementor-widget-container\">\n\t\t\t\t\t\t\t\t\t\t\t\t\t\t\t<img fetchpriority=\"high\" decoding=\"async\" width=\"493\" height=\"771\" src=\"https:\/\/holisticclinicspa.com\/wp-content\/uploads\/2023\/10\/image-12-1.png\" class=\"attachment-large size-large wp-image-1949\" alt=\"\" srcset=\"https:\/\/holisticclinicspa.com\/wp-content\/uploads\/2023\/10\/image-12-1.png 493w, https:\/\/holisticclinicspa.com\/wp-content\/uploads\/2023\/10\/image-12-1-192x300.png 192w\" sizes=\"(max-width: 493px) 100vw, 493px\" \/>\t\t\t\t\t\t\t\t\t\t\t\t\t\t\t<\/div>\n\t\t\t\t<\/div>\n\t\t\t\t\t<\/div>\n\t\t<\/div>\n\t\t\t\t<div class=\"elementor-column elementor-col-33 elementor-inner-column elementor-element elementor-element-5633163\" data-id=\"5633163\" data-element_type=\"column\" data-e-type=\"column\">\n\t\t\t<div class=\"elementor-widget-wrap elementor-element-populated\">\n\t\t\t\t\t\t<div class=\"elementor-element elementor-element-7689dc8 elementor-widget elementor-widget-image\" data-id=\"7689dc8\" data-element_type=\"widget\" data-e-type=\"widget\" data-widget_type=\"image.default\">\n\t\t\t\t<div class=\"elementor-widget-container\">\n\t\t\t\t\t\t\t\t\t\t\t\t\t\t\t<img decoding=\"async\" width=\"516\" height=\"726\" src=\"https:\/\/holisticclinicspa.com\/wp-content\/uploads\/2023\/10\/image-11.png\" class=\"attachment-large size-large wp-image-1948\" alt=\"\" srcset=\"https:\/\/holisticclinicspa.com\/wp-content\/uploads\/2023\/10\/image-11.png 516w, https:\/\/holisticclinicspa.com\/wp-content\/uploads\/2023\/10\/image-11-213x300.png 213w\" sizes=\"(max-width: 516px) 100vw, 516px\" \/>\t\t\t\t\t\t\t\t\t\t\t\t\t\t\t<\/div>\n\t\t\t\t<\/div>\n\t\t\t\t\t<\/div>\n\t\t<\/div>\n\t\t\t\t<div class=\"elementor-column elementor-col-33 elementor-inner-column elementor-element elementor-element-242a600\" data-id=\"242a600\" data-element_type=\"column\" data-e-type=\"column\">\n\t\t\t<div class=\"elementor-widget-wrap elementor-element-populated\">\n\t\t\t\t\t\t<div class=\"elementor-element elementor-element-02a8baa elementor-widget elementor-widget-image\" data-id=\"02a8baa\" data-element_type=\"widget\" data-e-type=\"widget\" data-widget_type=\"image.default\">\n\t\t\t\t<div class=\"elementor-widget-container\">\n\t\t\t\t\t\t\t\t\t\t\t\t\t\t\t<img decoding=\"async\" width=\"535\" height=\"726\" src=\"https:\/\/holisticclinicspa.com\/wp-content\/uploads\/2023\/10\/image-10.png\" class=\"attachment-large size-large wp-image-1950\" alt=\"\" srcset=\"https:\/\/holisticclinicspa.com\/wp-content\/uploads\/2023\/10\/image-10.png 535w, https:\/\/holisticclinicspa.com\/wp-content\/uploads\/2023\/10\/image-10-221x300.png 221w\" sizes=\"(max-width: 535px) 100vw, 535px\" \/>\t\t\t\t\t\t\t\t\t\t\t\t\t\t\t<\/div>\n\t\t\t\t<\/div>\n\t\t\t\t\t<\/div>\n\t\t<\/div>\n\t\t\t\t\t<\/div>\n\t\t<\/section>\n\t\t\t\t<section class=\"elementor-section elementor-inner-section elementor-element elementor-element-a185b10 elementor-section-boxed elementor-section-height-default elementor-section-height-default\" data-id=\"a185b10\" data-element_type=\"section\" data-e-type=\"section\">\n\t\t\t\t\t\t<div class=\"elementor-container elementor-column-gap-default\">\n\t\t\t\t\t<div class=\"elementor-column elementor-col-50 elementor-inner-column elementor-element elementor-element-6eddff9\" data-id=\"6eddff9\" data-element_type=\"column\" data-e-type=\"column\">\n\t\t\t<div class=\"elementor-widget-wrap\">\n\t\t\t\t\t\t\t<\/div>\n\t\t<\/div>\n\t\t\t\t<div class=\"elementor-column elementor-col-50 elementor-inner-column elementor-element elementor-element-58abc32\" data-id=\"58abc32\" data-element_type=\"column\" data-e-type=\"column\">\n\t\t\t<div class=\"elementor-widget-wrap elementor-element-populated\">\n\t\t\t\t\t\t<div class=\"elementor-element elementor-element-2cacf63 elementor-widget__width-initial elementor-widget elementor-widget-text-editor\" data-id=\"2cacf63\" data-element_type=\"widget\" data-e-type=\"widget\" data-widget_type=\"text-editor.default\">\n\t\t\t\t<div class=\"elementor-widget-container\">\n\t\t\t\t\t\t\t\t\t<p>For this, we have designed exciting weekend getaways that will allow you to immerse yourself in fascinating mystical destinations and marvel at the beauty of the tourist sites in our state of Puebla and its surroundings.<\/p>\t\t\t\t\t\t\t\t<\/div>\n\t\t\t\t<\/div>\n\t\t\t\t\t<\/div>\n\t\t<\/div>\n\t\t\t\t\t<\/div>\n\t\t<\/section>\n\t\t\t\t<div class=\"elementor-element elementor-element-f5d6459 elementor-widget elementor-widget-spacer\" data-id=\"f5d6459\" data-element_type=\"widget\" data-e-type=\"widget\" data-widget_type=\"spacer.default\">\n\t\t\t\t<div class=\"elementor-widget-container\">\n\t\t\t\t\t\t\t<div class=\"elementor-spacer\">\n\t\t\t<div class=\"elementor-spacer-inner\"><\/div>\n\t\t<\/div>\n\t\t\t\t\t\t<\/div>\n\t\t\t\t<\/div>\n\t\t\t\t\t<\/div>\n\t\t<\/div>\n\t\t\t\t\t<\/div>\n\t\t<\/section>\n\t\t\t\t<section class=\"elementor-section elementor-top-section elementor-element elementor-element-8e0e368 elementor-section-full_width elementor-hidden-desktop elementor-section-height-default elementor-section-height-default\" data-id=\"8e0e368\" data-element_type=\"section\" data-e-type=\"section\" data-settings=\"{&quot;background_background&quot;:&quot;classic&quot;}\">\n\t\t\t\t\t\t\t<div class=\"elementor-background-overlay\"><\/div>\n\t\t\t\t\t\t\t<div class=\"elementor-container elementor-column-gap-default\">\n\t\t\t\t\t<div class=\"elementor-column elementor-col-100 elementor-top-column elementor-element elementor-element-85b88c7\" data-id=\"85b88c7\" data-element_type=\"column\" data-e-type=\"column\" data-settings=\"{&quot;background_background&quot;:&quot;classic&quot;}\">\n\t\t\t<div class=\"elementor-widget-wrap elementor-element-populated\">\n\t\t\t\t\t\t<div class=\"elementor-element elementor-element-9f00152 elementor-widget elementor-widget-spacer\" data-id=\"9f00152\" data-element_type=\"widget\" data-e-type=\"widget\" data-widget_type=\"spacer.default\">\n\t\t\t\t<div class=\"elementor-widget-container\">\n\t\t\t\t\t\t\t<div class=\"elementor-spacer\">\n\t\t\t<div class=\"elementor-spacer-inner\"><\/div>\n\t\t<\/div>\n\t\t\t\t\t\t<\/div>\n\t\t\t\t<\/div>\n\t\t\t\t<div class=\"elementor-element elementor-element-0a5eae2 elementor-widget elementor-widget-heading\" data-id=\"0a5eae2\" data-element_type=\"widget\" data-e-type=\"widget\" data-widget_type=\"heading.default\">\n\t\t\t\t<div class=\"elementor-widget-container\">\n\t\t\t\t\t<span class=\"elementor-heading-title elementor-size-default\">Live, heal and travel<\/span>\t\t\t\t<\/div>\n\t\t\t\t<\/div>\n\t\t\t\t<section class=\"elementor-section elementor-inner-section elementor-element elementor-element-1e005d1 elementor-section-boxed elementor-section-height-default elementor-section-height-default\" data-id=\"1e005d1\" data-element_type=\"section\" data-e-type=\"section\">\n\t\t\t\t\t\t<div class=\"elementor-container elementor-column-gap-default\">\n\t\t\t\t\t<div class=\"elementor-column elementor-col-100 elementor-inner-column elementor-element elementor-element-e16de3e\" data-id=\"e16de3e\" data-element_type=\"column\" data-e-type=\"column\">\n\t\t\t<div class=\"elementor-widget-wrap elementor-element-populated\">\n\t\t\t\t\t\t<div class=\"elementor-element elementor-element-17e217d elementor-widget__width-initial elementor-widget elementor-widget-text-editor\" data-id=\"17e217d\" data-element_type=\"widget\" data-e-type=\"widget\" data-widget_type=\"text-editor.default\">\n\t\t\t\t<div class=\"elementor-widget-container\">\n\t\t\t\t\t\t\t\t\t<p>At Holistic Clinic, we want your journey towards the recovery of your wellness to be exceptional and that your stay with us exceeds all your expectations.<\/p>\t\t\t\t\t\t\t\t<\/div>\n\t\t\t\t<\/div>\n\t\t\t\t<div class=\"elementor-element elementor-element-34a35f8 elementor-widget-mobile__width-initial elementor-widget elementor-widget-image\" data-id=\"34a35f8\" data-element_type=\"widget\" data-e-type=\"widget\" data-widget_type=\"image.default\">\n\t\t\t\t<div class=\"elementor-widget-container\">\n\t\t\t\t\t\t\t\t\t\t\t\t\t\t\t<img fetchpriority=\"high\" decoding=\"async\" width=\"493\" height=\"771\" src=\"https:\/\/holisticclinicspa.com\/wp-content\/uploads\/2023\/10\/image-12-1.png\" class=\"attachment-large size-large wp-image-1949\" alt=\"\" srcset=\"https:\/\/holisticclinicspa.com\/wp-content\/uploads\/2023\/10\/image-12-1.png 493w, https:\/\/holisticclinicspa.com\/wp-content\/uploads\/2023\/10\/image-12-1-192x300.png 192w\" sizes=\"(max-width: 493px) 100vw, 493px\" \/>\t\t\t\t\t\t\t\t\t\t\t\t\t\t\t<\/div>\n\t\t\t\t<\/div>\n\t\t\t\t<div class=\"elementor-element elementor-element-10110a6 elementor-widget__width-initial elementor-widget elementor-widget-text-editor\" data-id=\"10110a6\" data-element_type=\"widget\" data-e-type=\"widget\" data-widget_type=\"text-editor.default\">\n\t\t\t\t<div class=\"elementor-widget-container\">\n\t\t\t\t\t\t\t\t\t<p>For this, we have designed exciting weekend getaways that will allow you to immerse yourself in fascinating mystical destinations and marvel at the beauty of the tourist sites in our state of Puebla and its surroundings.<\/p>\t\t\t\t\t\t\t\t<\/div>\n\t\t\t\t<\/div>\n\t\t\t\t<div class=\"elementor-element elementor-element-175a8a6 elementor-widget elementor-widget-image\" data-id=\"175a8a6\" data-element_type=\"widget\" data-e-type=\"widget\" data-widget_type=\"image.default\">\n\t\t\t\t<div class=\"elementor-widget-container\">\n\t\t\t\t\t\t\t\t\t\t\t\t\t\t\t<img decoding=\"async\" width=\"516\" height=\"726\" src=\"https:\/\/holisticclinicspa.com\/wp-content\/uploads\/2023\/10\/image-11.png\" class=\"attachment-large size-large wp-image-1948\" alt=\"\" srcset=\"https:\/\/holisticclinicspa.com\/wp-content\/uploads\/2023\/10\/image-11.png 516w, https:\/\/holisticclinicspa.com\/wp-content\/uploads\/2023\/10\/image-11-213x300.png 213w\" sizes=\"(max-width: 516px) 100vw, 516px\" \/>\t\t\t\t\t\t\t\t\t\t\t\t\t\t\t<\/div>\n\t\t\t\t<\/div>\n\t\t\t\t<div class=\"elementor-element elementor-element-7e7aa4f elementor-widget elementor-widget-image\" data-id=\"7e7aa4f\" data-element_type=\"widget\" data-e-type=\"widget\" data-widget_type=\"image.default\">\n\t\t\t\t<div class=\"elementor-widget-container\">\n\t\t\t\t\t\t\t\t\t\t\t\t\t\t\t<img decoding=\"async\" width=\"535\" height=\"726\" src=\"https:\/\/holisticclinicspa.com\/wp-content\/uploads\/2023\/10\/image-10.png\" class=\"attachment-large size-large wp-image-1950\" alt=\"\" srcset=\"https:\/\/holisticclinicspa.com\/wp-content\/uploads\/2023\/10\/image-10.png 535w, https:\/\/holisticclinicspa.com\/wp-content\/uploads\/2023\/10\/image-10-221x300.png 221w\" sizes=\"(max-width: 535px) 100vw, 535px\" \/>\t\t\t\t\t\t\t\t\t\t\t\t\t\t\t<\/div>\n\t\t\t\t<\/div>\n\t\t\t\t<div class=\"elementor-element elementor-element-2a9da28 elementor-align-right elementor-mobile-align-center elementor-widget elementor-widget-button\" data-id=\"2a9da28\" data-element_type=\"widget\" data-e-type=\"widget\" data-widget_type=\"button.default\">\n\t\t\t\t<div class=\"elementor-widget-container\">\n\t\t\t\t\t\t\t\t\t<div class=\"elementor-button-wrapper\">\n\t\t\t\t\t<a class=\"elementor-button elementor-button-link elementor-size-lg elementor-animation-grow\" href=\"\">\n\t\t\t\t\t\t<span class=\"elementor-button-content-wrapper\">\n\t\t\t\t\t\t\t\t\t<span class=\"elementor-button-text\">Tourism<\/span>\n\t\t\t\t\t<\/span>\n\t\t\t\t\t<\/a>\n\t\t\t\t<\/div>\n\t\t\t\t\t\t\t\t<\/div>\n\t\t\t\t<\/div>\n\t\t\t\t\t<\/div>\n\t\t<\/div>\n\t\t\t\t\t<\/div>\n\t\t<\/section>\n\t\t\t\t<div class=\"elementor-element elementor-element-18a1049 elementor-widget elementor-widget-spacer\" data-id=\"18a1049\" data-element_type=\"widget\" data-e-type=\"widget\" data-widget_type=\"spacer.default\">\n\t\t\t\t<div class=\"elementor-widget-container\">\n\t\t\t\t\t\t\t<div class=\"elementor-spacer\">\n\t\t\t<div class=\"elementor-spacer-inner\"><\/div>\n\t\t<\/div>\n\t\t\t\t\t\t<\/div>\n\t\t\t\t<\/div>\n\t\t\t\t\t<\/div>\n\t\t<\/div>\n\t\t\t\t\t<\/div>\n\t\t<\/section>\n\t\t\t\t<\/div>","protected":false},"excerpt":{"rendered":"<p>Vive, sana y viaja En Holistic Clinic, buscamos que tu viaje hacia la recuperaci\u00f3n de tu bienestar sea excepcional y que tu estancia con nosotros supere todas tus expectativas. Para ello, hemos dise\u00f1ado emocionantes escapadas de fin de semana, que te permitir\u00e1n sumergirte en destinos m\u00edsticos fascinantes y maravillarte con la belleza de los lugares [&hellip;]<\/p>\n","protected":false},"author":1,"featured_media":0,"parent":0,"menu_order":0,"comment_status":"closed","ping_status":"closed","template":"","meta":{"_monsterinsights_skip_tracking":false,"_monsterinsights_sitenote_active":false,"_monsterinsights_sitenote_note":"","_monsterinsights_sitenote_category":0,"footnotes":""},"class_list":["post-2088","page","type-page","status-publish","hentry"],"aioseo_notices":[],"_links":{"self":[{"href":"https:\/\/holisticclinicspa.com\/en\/wp-json\/wp\/v2\/pages\/2088","targetHints":{"allow":["GET"]}}],"collection":[{"href":"https:\/\/holisticclinicspa.com\/en\/wp-json\/wp\/v2\/pages"}],"about":[{"href":"https:\/\/holisticclinicspa.com\/en\/wp-json\/wp\/v2\/types\/page"}],"author":[{"embeddable":true,"href":"https:\/\/holisticclinicspa.com\/en\/wp-json\/wp\/v2\/users\/1"}],"replies":[{"embeddable":true,"href":"https:\/\/holisticclinicspa.com\/en\/wp-json\/wp\/v2\/comments?post=2088"}],"version-history":[{"count":7,"href":"https:\/\/holisticclinicspa.com\/en\/wp-json\/wp\/v2\/pages\/2088\/revisions"}],"predecessor-version":[{"id":3624,"href":"https:\/\/holisticclinicspa.com\/en\/wp-json\/wp\/v2\/pages\/2088\/revisions\/3624"}],"wp:attachment":[{"href":"https:\/\/holisticclinicspa.com\/en\/wp-json\/wp\/v2\/media?parent=2088"}],"curies":[{"name":"wp","href":"https:\/\/api.w.org\/{rel}","templated":true}]}}