{"id":2324,"date":"2023-10-17T00:42:07","date_gmt":"2023-10-17T00:42:07","guid":{"rendered":"https:\/\/holisticclinicspa.com\/?page_id=2324"},"modified":"2023-10-20T22:09:03","modified_gmt":"2023-10-20T22:09:03","slug":"limpieza-intestinal","status":"publish","type":"page","link":"https:\/\/holisticclinicspa.com\/en\/limpieza-intestinal\/","title":{"rendered":"Intestinal cleansing"},"content":{"rendered":"<div data-elementor-type=\"wp-page\" data-elementor-id=\"2324\" class=\"elementor elementor-2324\" data-elementor-post-type=\"page\">\n\t\t\t\t\t\t<section class=\"elementor-section elementor-top-section elementor-element elementor-element-bcfcc51 elementor-section-full_width elementor-section-content-middle elementor-section-height-default elementor-section-height-default\" data-id=\"bcfcc51\" data-element_type=\"section\" data-e-type=\"section\" data-settings=\"{&quot;background_background&quot;:&quot;classic&quot;}\">\n\t\t\t\t\t\t<div class=\"elementor-container elementor-column-gap-default\">\n\t\t\t\t\t<div class=\"elementor-column elementor-col-50 elementor-top-column elementor-element elementor-element-1fbb854\" data-id=\"1fbb854\" data-element_type=\"column\" data-e-type=\"column\">\n\t\t\t<div class=\"elementor-widget-wrap elementor-element-populated\">\n\t\t\t\t\t\t<div class=\"elementor-element elementor-element-e94d28a elementor-widget elementor-widget-image\" data-id=\"e94d28a\" data-element_type=\"widget\" data-e-type=\"widget\" data-widget_type=\"image.default\">\n\t\t\t\t<div class=\"elementor-widget-container\">\n\t\t\t\t\t\t\t\t\t\t\t\t\t\t\t<img fetchpriority=\"high\" decoding=\"async\" width=\"800\" height=\"450\" src=\"https:\/\/holisticclinicspa.com\/wp-content\/uploads\/2023\/10\/plantilla18-1024x576.jpg\" class=\"attachment-large size-large wp-image-3359\" alt=\"\" srcset=\"https:\/\/holisticclinicspa.com\/wp-content\/uploads\/2023\/10\/plantilla18-1024x576.jpg 1024w, https:\/\/holisticclinicspa.com\/wp-content\/uploads\/2023\/10\/plantilla18-300x169.jpg 300w, https:\/\/holisticclinicspa.com\/wp-content\/uploads\/2023\/10\/plantilla18-768x432.jpg 768w, https:\/\/holisticclinicspa.com\/wp-content\/uploads\/2023\/10\/plantilla18-1536x864.jpg 1536w, https:\/\/holisticclinicspa.com\/wp-content\/uploads\/2023\/10\/plantilla18-18x10.jpg 18w, https:\/\/holisticclinicspa.com\/wp-content\/uploads\/2023\/10\/plantilla18.jpg 1920w\" sizes=\"(max-width: 800px) 100vw, 800px\" \/>\t\t\t\t\t\t\t\t\t\t\t\t\t\t\t<\/div>\n\t\t\t\t<\/div>\n\t\t\t\t\t<\/div>\n\t\t<\/div>\n\t\t\t\t<div class=\"elementor-column elementor-col-50 elementor-top-column elementor-element elementor-element-41c8274\" data-id=\"41c8274\" data-element_type=\"column\" data-e-type=\"column\" data-settings=\"{&quot;background_background&quot;:&quot;classic&quot;}\">\n\t\t\t<div class=\"elementor-widget-wrap elementor-element-populated\">\n\t\t\t\t\t\t<div class=\"elementor-element elementor-element-9011dd4 elementor-hidden-desktop elementor-widget elementor-widget-spacer\" data-id=\"9011dd4\" data-element_type=\"widget\" data-e-type=\"widget\" data-widget_type=\"spacer.default\">\n\t\t\t\t<div class=\"elementor-widget-container\">\n\t\t\t\t\t\t\t<div class=\"elementor-spacer\">\n\t\t\t<div class=\"elementor-spacer-inner\"><\/div>\n\t\t<\/div>\n\t\t\t\t\t\t<\/div>\n\t\t\t\t<\/div>\n\t\t\t\t<div class=\"elementor-element elementor-element-7227c89 elementor-widget elementor-widget-heading\" data-id=\"7227c89\" data-element_type=\"widget\" data-e-type=\"widget\" data-widget_type=\"heading.default\">\n\t\t\t\t<div class=\"elementor-widget-container\">\n\t\t\t\t\t<h2 class=\"elementor-heading-title elementor-size-default\">Intestinal cleansing<\/h2>\t\t\t\t<\/div>\n\t\t\t\t<\/div>\n\t\t\t\t<div class=\"elementor-element elementor-element-6189fed elementor-widget elementor-widget-text-editor\" data-id=\"6189fed\" data-element_type=\"widget\" data-e-type=\"widget\" data-widget_type=\"text-editor.default\">\n\t\t\t\t<div class=\"elementor-widget-container\">\n\t\t\t\t\t\t\t\t\t<p>It consists of cleansing or purifying the intestines, eliminating toxins accumulated in the intestinal tract to improve the functioning of the digestive system.<\/p>\t\t\t\t\t\t\t\t<\/div>\n\t\t\t\t<\/div>\n\t\t\t\t<div class=\"elementor-element elementor-element-c41e144 elementor-hidden-desktop elementor-widget elementor-widget-spacer\" data-id=\"c41e144\" data-element_type=\"widget\" data-e-type=\"widget\" data-widget_type=\"spacer.default\">\n\t\t\t\t<div class=\"elementor-widget-container\">\n\t\t\t\t\t\t\t<div class=\"elementor-spacer\">\n\t\t\t<div class=\"elementor-spacer-inner\"><\/div>\n\t\t<\/div>\n\t\t\t\t\t\t<\/div>\n\t\t\t\t<\/div>\n\t\t\t\t\t<\/div>\n\t\t<\/div>\n\t\t\t\t\t<\/div>\n\t\t<\/section>\n\t\t\t\t<section class=\"elementor-section elementor-top-section elementor-element elementor-element-efceb28 elementor-section-boxed elementor-section-height-default elementor-section-height-default\" data-id=\"efceb28\" data-element_type=\"section\" data-e-type=\"section\">\n\t\t\t\t\t\t<div class=\"elementor-container elementor-column-gap-default\">\n\t\t\t\t\t<div class=\"elementor-column elementor-col-100 elementor-top-column elementor-element elementor-element-7b9e99d\" data-id=\"7b9e99d\" data-element_type=\"column\" data-e-type=\"column\">\n\t\t\t<div class=\"elementor-widget-wrap elementor-element-populated\">\n\t\t\t\t\t\t<div class=\"elementor-element elementor-element-cc79cd4 elementor-widget elementor-widget-spacer\" data-id=\"cc79cd4\" data-element_type=\"widget\" data-e-type=\"widget\" data-widget_type=\"spacer.default\">\n\t\t\t\t<div class=\"elementor-widget-container\">\n\t\t\t\t\t\t\t<div class=\"elementor-spacer\">\n\t\t\t<div class=\"elementor-spacer-inner\"><\/div>\n\t\t<\/div>\n\t\t\t\t\t\t<\/div>\n\t\t\t\t<\/div>\n\t\t\t\t<div class=\"elementor-element elementor-element-d387a4a elementor-widget elementor-widget-heading\" data-id=\"d387a4a\" data-element_type=\"widget\" data-e-type=\"widget\" data-widget_type=\"heading.default\">\n\t\t\t\t<div class=\"elementor-widget-container\">\n\t\t\t\t\t<h2 class=\"elementor-heading-title elementor-size-default\">Effects and Benefits<\/h2>\t\t\t\t<\/div>\n\t\t\t\t<\/div>\n\t\t\t\t<section class=\"elementor-section elementor-inner-section elementor-element elementor-element-eb2bd4a elementor-section-boxed elementor-section-height-default elementor-section-height-default\" data-id=\"eb2bd4a\" data-element_type=\"section\" data-e-type=\"section\">\n\t\t\t\t\t\t<div class=\"elementor-container elementor-column-gap-default\">\n\t\t\t\t\t<div class=\"elementor-column elementor-col-50 elementor-inner-column elementor-element elementor-element-92de519\" data-id=\"92de519\" data-element_type=\"column\" data-e-type=\"column\">\n\t\t\t<div class=\"elementor-widget-wrap elementor-element-populated\">\n\t\t\t\t\t\t<div class=\"elementor-element elementor-element-3bec115 elementor-widget__width-initial elementor-widget elementor-widget-image\" data-id=\"3bec115\" data-element_type=\"widget\" data-e-type=\"widget\" data-widget_type=\"image.default\">\n\t\t\t\t<div class=\"elementor-widget-container\">\n\t\t\t\t\t\t\t\t\t\t\t\t\t\t\t<img decoding=\"async\" width=\"512\" height=\"512\" src=\"https:\/\/holisticclinicspa.com\/wp-content\/uploads\/2023\/08\/cropped-holistics-hoja.png\" class=\"attachment-large size-large wp-image-229\" alt=\"\" srcset=\"https:\/\/holisticclinicspa.com\/wp-content\/uploads\/2023\/08\/cropped-holistics-hoja.png 512w, https:\/\/holisticclinicspa.com\/wp-content\/uploads\/2023\/08\/cropped-holistics-hoja-300x300.png 300w, https:\/\/holisticclinicspa.com\/wp-content\/uploads\/2023\/08\/cropped-holistics-hoja-150x150.png 150w, https:\/\/holisticclinicspa.com\/wp-content\/uploads\/2023\/08\/cropped-holistics-hoja-270x270.png 270w, https:\/\/holisticclinicspa.com\/wp-content\/uploads\/2023\/08\/cropped-holistics-hoja-192x192.png 192w, https:\/\/holisticclinicspa.com\/wp-content\/uploads\/2023\/08\/cropped-holistics-hoja-180x180.png 180w, https:\/\/holisticclinicspa.com\/wp-content\/uploads\/2023\/08\/cropped-holistics-hoja-32x32.png 32w\" sizes=\"(max-width: 512px) 100vw, 512px\" \/>\t\t\t\t\t\t\t\t\t\t\t\t\t\t\t<\/div>\n\t\t\t\t<\/div>\n\t\t\t\t<div class=\"elementor-element elementor-element-09742f2 elementor-widget__width-initial elementor-widget elementor-widget-text-editor\" data-id=\"09742f2\" data-element_type=\"widget\" data-e-type=\"widget\" data-widget_type=\"text-editor.default\">\n\t\t\t\t<div class=\"elementor-widget-container\">\n\t\t\t\t\t\t\t\t\t<p>Improves digestion. By cleansing the bowel, common problems such as bloating, constipation and heaviness after eating are reduced<\/p>\t\t\t\t\t\t\t\t<\/div>\n\t\t\t\t<\/div>\n\t\t\t\t<div class=\"elementor-element elementor-element-8ac5031 elementor-widget__width-initial elementor-widget elementor-widget-image\" data-id=\"8ac5031\" data-element_type=\"widget\" data-e-type=\"widget\" data-widget_type=\"image.default\">\n\t\t\t\t<div class=\"elementor-widget-container\">\n\t\t\t\t\t\t\t\t\t\t\t\t\t\t\t<img decoding=\"async\" width=\"512\" height=\"512\" src=\"https:\/\/holisticclinicspa.com\/wp-content\/uploads\/2023\/08\/cropped-holistics-hoja.png\" class=\"attachment-large size-large wp-image-229\" alt=\"\" srcset=\"https:\/\/holisticclinicspa.com\/wp-content\/uploads\/2023\/08\/cropped-holistics-hoja.png 512w, https:\/\/holisticclinicspa.com\/wp-content\/uploads\/2023\/08\/cropped-holistics-hoja-300x300.png 300w, https:\/\/holisticclinicspa.com\/wp-content\/uploads\/2023\/08\/cropped-holistics-hoja-150x150.png 150w, https:\/\/holisticclinicspa.com\/wp-content\/uploads\/2023\/08\/cropped-holistics-hoja-270x270.png 270w, https:\/\/holisticclinicspa.com\/wp-content\/uploads\/2023\/08\/cropped-holistics-hoja-192x192.png 192w, https:\/\/holisticclinicspa.com\/wp-content\/uploads\/2023\/08\/cropped-holistics-hoja-180x180.png 180w, https:\/\/holisticclinicspa.com\/wp-content\/uploads\/2023\/08\/cropped-holistics-hoja-32x32.png 32w\" sizes=\"(max-width: 512px) 100vw, 512px\" \/>\t\t\t\t\t\t\t\t\t\t\t\t\t\t\t<\/div>\n\t\t\t\t<\/div>\n\t\t\t\t<div class=\"elementor-element elementor-element-afbb603 elementor-widget__width-initial elementor-widget elementor-widget-text-editor\" data-id=\"afbb603\" data-element_type=\"widget\" data-e-type=\"widget\" data-widget_type=\"text-editor.default\">\n\t\t\t\t<div class=\"elementor-widget-container\">\n\t\t\t\t\t\t\t\t\t<p>Increases energy. By cleansing the intestine, energy levels and vitality are increased by ridding the body of harmful substances<\/p>\t\t\t\t\t\t\t\t<\/div>\n\t\t\t\t<\/div>\n\t\t\t\t<div class=\"elementor-element elementor-element-d7d3e81 elementor-widget__width-initial elementor-widget elementor-widget-image\" data-id=\"d7d3e81\" data-element_type=\"widget\" data-e-type=\"widget\" data-widget_type=\"image.default\">\n\t\t\t\t<div class=\"elementor-widget-container\">\n\t\t\t\t\t\t\t\t\t\t\t\t\t\t\t<img decoding=\"async\" width=\"512\" height=\"512\" src=\"https:\/\/holisticclinicspa.com\/wp-content\/uploads\/2023\/08\/cropped-holistics-hoja.png\" class=\"attachment-large size-large wp-image-229\" alt=\"\" srcset=\"https:\/\/holisticclinicspa.com\/wp-content\/uploads\/2023\/08\/cropped-holistics-hoja.png 512w, https:\/\/holisticclinicspa.com\/wp-content\/uploads\/2023\/08\/cropped-holistics-hoja-300x300.png 300w, https:\/\/holisticclinicspa.com\/wp-content\/uploads\/2023\/08\/cropped-holistics-hoja-150x150.png 150w, https:\/\/holisticclinicspa.com\/wp-content\/uploads\/2023\/08\/cropped-holistics-hoja-270x270.png 270w, https:\/\/holisticclinicspa.com\/wp-content\/uploads\/2023\/08\/cropped-holistics-hoja-192x192.png 192w, https:\/\/holisticclinicspa.com\/wp-content\/uploads\/2023\/08\/cropped-holistics-hoja-180x180.png 180w, https:\/\/holisticclinicspa.com\/wp-content\/uploads\/2023\/08\/cropped-holistics-hoja-32x32.png 32w\" sizes=\"(max-width: 512px) 100vw, 512px\" \/>\t\t\t\t\t\t\t\t\t\t\t\t\t\t\t<\/div>\n\t\t\t\t<\/div>\n\t\t\t\t<div class=\"elementor-element elementor-element-1d13f96 elementor-widget__width-initial elementor-widget elementor-widget-text-editor\" data-id=\"1d13f96\" data-element_type=\"widget\" data-e-type=\"widget\" data-widget_type=\"text-editor.default\">\n\t\t\t\t<div class=\"elementor-widget-container\">\n\t\t\t\t\t\t\t\t\t<p>Strengthens the immune system. Intestinal cleansing helps prevent disease and improves the immune system response by eliminating toxins<\/p>\t\t\t\t\t\t\t\t<\/div>\n\t\t\t\t<\/div>\n\t\t\t\t\t<\/div>\n\t\t<\/div>\n\t\t\t\t<div class=\"elementor-column elementor-col-50 elementor-inner-column elementor-element elementor-element-24ce7b0\" data-id=\"24ce7b0\" data-element_type=\"column\" data-e-type=\"column\">\n\t\t\t<div class=\"elementor-widget-wrap elementor-element-populated\">\n\t\t\t\t\t\t<div class=\"elementor-element elementor-element-e86b6ca elementor-widget__width-initial elementor-widget elementor-widget-image\" data-id=\"e86b6ca\" data-element_type=\"widget\" data-e-type=\"widget\" data-widget_type=\"image.default\">\n\t\t\t\t<div class=\"elementor-widget-container\">\n\t\t\t\t\t\t\t\t\t\t\t\t\t\t\t<img decoding=\"async\" width=\"512\" height=\"512\" src=\"https:\/\/holisticclinicspa.com\/wp-content\/uploads\/2023\/08\/cropped-holistics-hoja.png\" class=\"attachment-large size-large wp-image-229\" alt=\"\" srcset=\"https:\/\/holisticclinicspa.com\/wp-content\/uploads\/2023\/08\/cropped-holistics-hoja.png 512w, https:\/\/holisticclinicspa.com\/wp-content\/uploads\/2023\/08\/cropped-holistics-hoja-300x300.png 300w, https:\/\/holisticclinicspa.com\/wp-content\/uploads\/2023\/08\/cropped-holistics-hoja-150x150.png 150w, https:\/\/holisticclinicspa.com\/wp-content\/uploads\/2023\/08\/cropped-holistics-hoja-270x270.png 270w, https:\/\/holisticclinicspa.com\/wp-content\/uploads\/2023\/08\/cropped-holistics-hoja-192x192.png 192w, https:\/\/holisticclinicspa.com\/wp-content\/uploads\/2023\/08\/cropped-holistics-hoja-180x180.png 180w, https:\/\/holisticclinicspa.com\/wp-content\/uploads\/2023\/08\/cropped-holistics-hoja-32x32.png 32w\" sizes=\"(max-width: 512px) 100vw, 512px\" \/>\t\t\t\t\t\t\t\t\t\t\t\t\t\t\t<\/div>\n\t\t\t\t<\/div>\n\t\t\t\t<div class=\"elementor-element elementor-element-4694f6a elementor-widget__width-initial elementor-widget elementor-widget-text-editor\" data-id=\"4694f6a\" data-element_type=\"widget\" data-e-type=\"widget\" data-widget_type=\"text-editor.default\">\n\t\t\t\t<div class=\"elementor-widget-container\">\n\t\t\t\t\t\t\t\t\t<p>Prevents diseases related to the colon, such as diverticula, polyps, dysbiosis, irritable bowel syndrome, diarrhea or constipation, cancer, among others<\/p>\t\t\t\t\t\t\t\t<\/div>\n\t\t\t\t<\/div>\n\t\t\t\t<div class=\"elementor-element elementor-element-342d033 elementor-widget__width-initial elementor-widget elementor-widget-image\" data-id=\"342d033\" data-element_type=\"widget\" data-e-type=\"widget\" data-widget_type=\"image.default\">\n\t\t\t\t<div class=\"elementor-widget-container\">\n\t\t\t\t\t\t\t\t\t\t\t\t\t\t\t<img decoding=\"async\" width=\"512\" height=\"512\" src=\"https:\/\/holisticclinicspa.com\/wp-content\/uploads\/2023\/08\/cropped-holistics-hoja.png\" class=\"attachment-large size-large wp-image-229\" alt=\"\" srcset=\"https:\/\/holisticclinicspa.com\/wp-content\/uploads\/2023\/08\/cropped-holistics-hoja.png 512w, https:\/\/holisticclinicspa.com\/wp-content\/uploads\/2023\/08\/cropped-holistics-hoja-300x300.png 300w, https:\/\/holisticclinicspa.com\/wp-content\/uploads\/2023\/08\/cropped-holistics-hoja-150x150.png 150w, https:\/\/holisticclinicspa.com\/wp-content\/uploads\/2023\/08\/cropped-holistics-hoja-270x270.png 270w, https:\/\/holisticclinicspa.com\/wp-content\/uploads\/2023\/08\/cropped-holistics-hoja-192x192.png 192w, https:\/\/holisticclinicspa.com\/wp-content\/uploads\/2023\/08\/cropped-holistics-hoja-180x180.png 180w, https:\/\/holisticclinicspa.com\/wp-content\/uploads\/2023\/08\/cropped-holistics-hoja-32x32.png 32w\" sizes=\"(max-width: 512px) 100vw, 512px\" \/>\t\t\t\t\t\t\t\t\t\t\t\t\t\t\t<\/div>\n\t\t\t\t<\/div>\n\t\t\t\t<div class=\"elementor-element elementor-element-dfcbe93 elementor-widget__width-initial elementor-widget elementor-widget-text-editor\" data-id=\"dfcbe93\" data-element_type=\"widget\" data-e-type=\"widget\" data-widget_type=\"text-editor.default\">\n\t\t\t\t<div class=\"elementor-widget-container\">\n\t\t\t\t\t\t\t\t\t<p>Weight loss. By cleansing the intestine, accumulated waste is eliminated, which can help you lose weight and increase metabolism<\/p>\t\t\t\t\t\t\t\t<\/div>\n\t\t\t\t<\/div>\n\t\t\t\t\t<\/div>\n\t\t<\/div>\n\t\t\t\t\t<\/div>\n\t\t<\/section>\n\t\t\t\t<div class=\"elementor-element elementor-element-e4c5f04 elementor-widget elementor-widget-spacer\" data-id=\"e4c5f04\" data-element_type=\"widget\" data-e-type=\"widget\" data-widget_type=\"spacer.default\">\n\t\t\t\t<div class=\"elementor-widget-container\">\n\t\t\t\t\t\t\t<div class=\"elementor-spacer\">\n\t\t\t<div class=\"elementor-spacer-inner\"><\/div>\n\t\t<\/div>\n\t\t\t\t\t\t<\/div>\n\t\t\t\t<\/div>\n\t\t\t\t<div class=\"elementor-element elementor-element-d6e8149 elementor-widget elementor-widget-heading\" data-id=\"d6e8149\" data-element_type=\"widget\" data-e-type=\"widget\" data-widget_type=\"heading.default\">\n\t\t\t\t<div class=\"elementor-widget-container\">\n\t\t\t\t\t<h2 class=\"elementor-heading-title elementor-size-default\">Our method brings together all the elements necessary for a deep intestinal cleansing<\/h2>\t\t\t\t<\/div>\n\t\t\t\t<\/div>\n\t\t\t\t<div class=\"elementor-element elementor-element-6906076 elementor-widget elementor-widget-text-editor\" data-id=\"6906076\" data-element_type=\"widget\" data-e-type=\"widget\" data-widget_type=\"text-editor.default\">\n\t\t\t\t<div class=\"elementor-widget-container\">\n\t\t\t\t\t\t\t\t\t<p>We use Herbal Medicine, Orthomolecular, Ozone Therapy, Lugol and Colon Hydrotherapy equipment to promote the elimination of toxins accumulated in the gastrointestinal tract.<\/p><p>If we seek to improve our health and well-being, bowel cleansing is an unpredictable practice that we need to perform.<\/p>\t\t\t\t\t\t\t\t<\/div>\n\t\t\t\t<\/div>\n\t\t\t\t<div class=\"elementor-element elementor-element-f95c017 elementor-widget elementor-widget-spacer\" data-id=\"f95c017\" data-element_type=\"widget\" data-e-type=\"widget\" data-widget_type=\"spacer.default\">\n\t\t\t\t<div class=\"elementor-widget-container\">\n\t\t\t\t\t\t\t<div class=\"elementor-spacer\">\n\t\t\t<div class=\"elementor-spacer-inner\"><\/div>\n\t\t<\/div>\n\t\t\t\t\t\t<\/div>\n\t\t\t\t<\/div>\n\t\t\t\t\t<\/div>\n\t\t<\/div>\n\t\t\t\t\t<\/div>\n\t\t<\/section>\n\t\t\t\t<\/div>","protected":false},"excerpt":{"rendered":"<p>Limpieza intestinal Consiste en limpiar o purificar los intestinos, eliminando las toxinas acumuladas en el tracto intestinal para mejorar el funcionamiento del sistema digestivo. Efectos y beneficios Mejora la digesti\u00f3n. Al limpiar el intestino, se reducen problemas comunes como hinchaz\u00f3n, estre\u00f1imiento y pesadez despu\u00e9s de comer. Aumenta la energ\u00eda. Al limpiar el intestino, se aumentan [&hellip;]<\/p>\n","protected":false},"author":1,"featured_media":0,"parent":0,"menu_order":0,"comment_status":"closed","ping_status":"closed","template":"","meta":{"_monsterinsights_skip_tracking":false,"_monsterinsights_sitenote_active":false,"_monsterinsights_sitenote_note":"","_monsterinsights_sitenote_category":0,"footnotes":""},"class_list":["post-2324","page","type-page","status-publish","hentry"],"aioseo_notices":[],"_links":{"self":[{"href":"https:\/\/holisticclinicspa.com\/en\/wp-json\/wp\/v2\/pages\/2324","targetHints":{"allow":["GET"]}}],"collection":[{"href":"https:\/\/holisticclinicspa.com\/en\/wp-json\/wp\/v2\/pages"}],"about":[{"href":"https:\/\/holisticclinicspa.com\/en\/wp-json\/wp\/v2\/types\/page"}],"author":[{"embeddable":true,"href":"https:\/\/holisticclinicspa.com\/en\/wp-json\/wp\/v2\/users\/1"}],"replies":[{"embeddable":true,"href":"https:\/\/holisticclinicspa.com\/en\/wp-json\/wp\/v2\/comments?post=2324"}],"version-history":[{"count":13,"href":"https:\/\/holisticclinicspa.com\/en\/wp-json\/wp\/v2\/pages\/2324\/revisions"}],"predecessor-version":[{"id":3362,"href":"https:\/\/holisticclinicspa.com\/en\/wp-json\/wp\/v2\/pages\/2324\/revisions\/3362"}],"wp:attachment":[{"href":"https:\/\/holisticclinicspa.com\/en\/wp-json\/wp\/v2\/media?parent=2324"}],"curies":[{"name":"wp","href":"https:\/\/api.w.org\/{rel}","templated":true}]}}