{"id":2343,"date":"2023-10-17T00:52:26","date_gmt":"2023-10-17T00:52:26","guid":{"rendered":"https:\/\/holisticclinicspa.com\/?page_id=2343"},"modified":"2026-01-27T23:58:53","modified_gmt":"2026-01-27T23:58:53","slug":"limpieza-de-metales-pesados","status":"publish","type":"page","link":"https:\/\/holisticclinicspa.com\/en\/limpieza-de-metales-pesados\/","title":{"rendered":"Heavy metal detoxification"},"content":{"rendered":"<div data-elementor-type=\"wp-page\" data-elementor-id=\"2343\" class=\"elementor elementor-2343\" data-elementor-post-type=\"page\">\n\t\t\t\t\t\t<section class=\"elementor-section elementor-top-section elementor-element elementor-element-bcfcc51 elementor-section-full_width elementor-section-content-middle elementor-section-height-default elementor-section-height-default\" data-id=\"bcfcc51\" data-element_type=\"section\" data-e-type=\"section\" data-settings=\"{&quot;background_background&quot;:&quot;classic&quot;}\">\n\t\t\t\t\t\t<div class=\"elementor-container elementor-column-gap-default\">\n\t\t\t\t\t<div class=\"elementor-column elementor-col-50 elementor-top-column elementor-element elementor-element-1fbb854\" data-id=\"1fbb854\" data-element_type=\"column\" data-e-type=\"column\">\n\t\t\t<div class=\"elementor-widget-wrap elementor-element-populated\">\n\t\t\t\t\t\t<div class=\"elementor-element elementor-element-a9a90c8 elementor-widget elementor-widget-image\" data-id=\"a9a90c8\" data-element_type=\"widget\" data-e-type=\"widget\" data-widget_type=\"image.default\">\n\t\t\t\t<div class=\"elementor-widget-container\">\n\t\t\t\t\t\t\t\t\t\t\t\t\t\t\t<img fetchpriority=\"high\" decoding=\"async\" width=\"1920\" height=\"1080\" src=\"https:\/\/holisticclinicspa.com\/wp-content\/uploads\/2023\/10\/Diseno-sin-titulo-16.png\" class=\"attachment-full size-full wp-image-3413\" alt=\"\" srcset=\"https:\/\/holisticclinicspa.com\/wp-content\/uploads\/2023\/10\/Diseno-sin-titulo-16.png 1920w, https:\/\/holisticclinicspa.com\/wp-content\/uploads\/2023\/10\/Diseno-sin-titulo-16-300x169.png 300w, https:\/\/holisticclinicspa.com\/wp-content\/uploads\/2023\/10\/Diseno-sin-titulo-16-1024x576.png 1024w, https:\/\/holisticclinicspa.com\/wp-content\/uploads\/2023\/10\/Diseno-sin-titulo-16-768x432.png 768w, https:\/\/holisticclinicspa.com\/wp-content\/uploads\/2023\/10\/Diseno-sin-titulo-16-1536x864.png 1536w, https:\/\/holisticclinicspa.com\/wp-content\/uploads\/2023\/10\/Diseno-sin-titulo-16-18x10.png 18w\" sizes=\"(max-width: 1920px) 100vw, 1920px\" \/>\t\t\t\t\t\t\t\t\t\t\t\t\t\t\t<\/div>\n\t\t\t\t<\/div>\n\t\t\t\t\t<\/div>\n\t\t<\/div>\n\t\t\t\t<div class=\"elementor-column elementor-col-50 elementor-top-column elementor-element elementor-element-41c8274\" data-id=\"41c8274\" data-element_type=\"column\" data-e-type=\"column\" data-settings=\"{&quot;background_background&quot;:&quot;classic&quot;}\">\n\t\t\t<div class=\"elementor-widget-wrap elementor-element-populated\">\n\t\t\t\t\t\t<div class=\"elementor-element elementor-element-7227c89 elementor-widget elementor-widget-heading\" data-id=\"7227c89\" data-element_type=\"widget\" data-e-type=\"widget\" data-widget_type=\"heading.default\">\n\t\t\t\t<div class=\"elementor-widget-container\">\n\t\t\t\t\t<h2 class=\"elementor-heading-title elementor-size-default\">Heavy metal detoxification<\/h2>\t\t\t\t<\/div>\n\t\t\t\t<\/div>\n\t\t\t\t<div class=\"elementor-element elementor-element-6189fed elementor-widget elementor-widget-text-editor\" data-id=\"6189fed\" data-element_type=\"widget\" data-e-type=\"widget\" data-widget_type=\"text-editor.default\">\n\t\t\t\t<div class=\"elementor-widget-container\">\n\t\t\t\t\t\t\t\t\t<p>This protocol focuses on eliminating toxic heavy metals from the body, such as mercury, lead, cadmium and arsenic, which can accumulate and seriously damage our health.\u00a0<\/p><p>Heavy metal contamination has become an increasingly common problem in our environment.<\/p>\t\t\t\t\t\t\t\t<\/div>\n\t\t\t\t<\/div>\n\t\t\t\t\t<\/div>\n\t\t<\/div>\n\t\t\t\t\t<\/div>\n\t\t<\/section>\n\t\t\t\t<section class=\"elementor-section elementor-top-section elementor-element elementor-element-efceb28 elementor-section-boxed elementor-section-height-default elementor-section-height-default\" data-id=\"efceb28\" data-element_type=\"section\" data-e-type=\"section\">\n\t\t\t\t\t\t<div class=\"elementor-container elementor-column-gap-default\">\n\t\t\t\t\t<div class=\"elementor-column elementor-col-100 elementor-top-column elementor-element elementor-element-7b9e99d\" data-id=\"7b9e99d\" data-element_type=\"column\" data-e-type=\"column\">\n\t\t\t<div class=\"elementor-widget-wrap elementor-element-populated\">\n\t\t\t\t\t\t<div class=\"elementor-element elementor-element-cc79cd4 elementor-widget elementor-widget-spacer\" data-id=\"cc79cd4\" data-element_type=\"widget\" data-e-type=\"widget\" data-widget_type=\"spacer.default\">\n\t\t\t\t<div class=\"elementor-widget-container\">\n\t\t\t\t\t\t\t<div class=\"elementor-spacer\">\n\t\t\t<div class=\"elementor-spacer-inner\"><\/div>\n\t\t<\/div>\n\t\t\t\t\t\t<\/div>\n\t\t\t\t<\/div>\n\t\t\t\t<div class=\"elementor-element elementor-element-d387a4a elementor-widget elementor-widget-heading\" data-id=\"d387a4a\" data-element_type=\"widget\" data-e-type=\"widget\" data-widget_type=\"heading.default\">\n\t\t\t\t<div class=\"elementor-widget-container\">\n\t\t\t\t\t<h2 class=\"elementor-heading-title elementor-size-default\">Effects and Benefits<\/h2>\t\t\t\t<\/div>\n\t\t\t\t<\/div>\n\t\t\t\t<section class=\"elementor-section elementor-inner-section elementor-element elementor-element-eb2bd4a elementor-section-boxed elementor-section-height-default elementor-section-height-default\" data-id=\"eb2bd4a\" data-element_type=\"section\" data-e-type=\"section\">\n\t\t\t\t\t\t<div class=\"elementor-container elementor-column-gap-default\">\n\t\t\t\t\t<div class=\"elementor-column elementor-col-50 elementor-inner-column elementor-element elementor-element-92de519\" data-id=\"92de519\" data-element_type=\"column\" data-e-type=\"column\">\n\t\t\t<div class=\"elementor-widget-wrap elementor-element-populated\">\n\t\t\t\t\t\t<div class=\"elementor-element elementor-element-3bec115 elementor-widget__width-initial elementor-widget elementor-widget-image\" data-id=\"3bec115\" data-element_type=\"widget\" data-e-type=\"widget\" data-widget_type=\"image.default\">\n\t\t\t\t<div class=\"elementor-widget-container\">\n\t\t\t\t\t\t\t\t\t\t\t\t\t\t\t<img decoding=\"async\" width=\"512\" height=\"512\" src=\"https:\/\/holisticclinicspa.com\/wp-content\/uploads\/2023\/08\/cropped-holistics-hoja.png\" class=\"attachment-large size-large wp-image-229\" alt=\"\" srcset=\"https:\/\/holisticclinicspa.com\/wp-content\/uploads\/2023\/08\/cropped-holistics-hoja.png 512w, https:\/\/holisticclinicspa.com\/wp-content\/uploads\/2023\/08\/cropped-holistics-hoja-300x300.png 300w, https:\/\/holisticclinicspa.com\/wp-content\/uploads\/2023\/08\/cropped-holistics-hoja-150x150.png 150w, https:\/\/holisticclinicspa.com\/wp-content\/uploads\/2023\/08\/cropped-holistics-hoja-270x270.png 270w, https:\/\/holisticclinicspa.com\/wp-content\/uploads\/2023\/08\/cropped-holistics-hoja-192x192.png 192w, https:\/\/holisticclinicspa.com\/wp-content\/uploads\/2023\/08\/cropped-holistics-hoja-180x180.png 180w, https:\/\/holisticclinicspa.com\/wp-content\/uploads\/2023\/08\/cropped-holistics-hoja-32x32.png 32w\" sizes=\"(max-width: 512px) 100vw, 512px\" \/>\t\t\t\t\t\t\t\t\t\t\t\t\t\t\t<\/div>\n\t\t\t\t<\/div>\n\t\t\t\t<div class=\"elementor-element elementor-element-09742f2 elementor-widget__width-initial elementor-widget elementor-widget-text-editor\" data-id=\"09742f2\" data-element_type=\"widget\" data-e-type=\"widget\" data-widget_type=\"text-editor.default\">\n\t\t\t\t<div class=\"elementor-widget-container\">\n\t\t\t\t\t\t\t\t\t<p>Improves brain function. Cleansing the brain of heavy metals helps improve our cognitive ability and mental performance<\/p>\t\t\t\t\t\t\t\t<\/div>\n\t\t\t\t<\/div>\n\t\t\t\t<div class=\"elementor-element elementor-element-8ac5031 elementor-widget__width-initial elementor-widget elementor-widget-image\" data-id=\"8ac5031\" data-element_type=\"widget\" data-e-type=\"widget\" data-widget_type=\"image.default\">\n\t\t\t\t<div class=\"elementor-widget-container\">\n\t\t\t\t\t\t\t\t\t\t\t\t\t\t\t<img decoding=\"async\" width=\"512\" height=\"512\" src=\"https:\/\/holisticclinicspa.com\/wp-content\/uploads\/2023\/08\/cropped-holistics-hoja.png\" class=\"attachment-large size-large wp-image-229\" alt=\"\" srcset=\"https:\/\/holisticclinicspa.com\/wp-content\/uploads\/2023\/08\/cropped-holistics-hoja.png 512w, https:\/\/holisticclinicspa.com\/wp-content\/uploads\/2023\/08\/cropped-holistics-hoja-300x300.png 300w, https:\/\/holisticclinicspa.com\/wp-content\/uploads\/2023\/08\/cropped-holistics-hoja-150x150.png 150w, https:\/\/holisticclinicspa.com\/wp-content\/uploads\/2023\/08\/cropped-holistics-hoja-270x270.png 270w, https:\/\/holisticclinicspa.com\/wp-content\/uploads\/2023\/08\/cropped-holistics-hoja-192x192.png 192w, https:\/\/holisticclinicspa.com\/wp-content\/uploads\/2023\/08\/cropped-holistics-hoja-180x180.png 180w, https:\/\/holisticclinicspa.com\/wp-content\/uploads\/2023\/08\/cropped-holistics-hoja-32x32.png 32w\" sizes=\"(max-width: 512px) 100vw, 512px\" \/>\t\t\t\t\t\t\t\t\t\t\t\t\t\t\t<\/div>\n\t\t\t\t<\/div>\n\t\t\t\t<div class=\"elementor-element elementor-element-afbb603 elementor-widget__width-initial elementor-widget elementor-widget-text-editor\" data-id=\"afbb603\" data-element_type=\"widget\" data-e-type=\"widget\" data-widget_type=\"text-editor.default\">\n\t\t\t\t<div class=\"elementor-widget-container\">\n\t\t\t\t\t\t\t\t\t<p>Eliminating heavy metals strengthens our immune system, protecting us better against diseases and infections<\/p>\t\t\t\t\t\t\t\t<\/div>\n\t\t\t\t<\/div>\n\t\t\t\t\t<\/div>\n\t\t<\/div>\n\t\t\t\t<div class=\"elementor-column elementor-col-50 elementor-inner-column elementor-element elementor-element-24ce7b0\" data-id=\"24ce7b0\" data-element_type=\"column\" data-e-type=\"column\">\n\t\t\t<div class=\"elementor-widget-wrap elementor-element-populated\">\n\t\t\t\t\t\t<div class=\"elementor-element elementor-element-e86b6ca elementor-widget__width-initial elementor-widget elementor-widget-image\" data-id=\"e86b6ca\" data-element_type=\"widget\" data-e-type=\"widget\" data-widget_type=\"image.default\">\n\t\t\t\t<div class=\"elementor-widget-container\">\n\t\t\t\t\t\t\t\t\t\t\t\t\t\t\t<img decoding=\"async\" width=\"512\" height=\"512\" src=\"https:\/\/holisticclinicspa.com\/wp-content\/uploads\/2023\/08\/cropped-holistics-hoja.png\" class=\"attachment-large size-large wp-image-229\" alt=\"\" srcset=\"https:\/\/holisticclinicspa.com\/wp-content\/uploads\/2023\/08\/cropped-holistics-hoja.png 512w, https:\/\/holisticclinicspa.com\/wp-content\/uploads\/2023\/08\/cropped-holistics-hoja-300x300.png 300w, https:\/\/holisticclinicspa.com\/wp-content\/uploads\/2023\/08\/cropped-holistics-hoja-150x150.png 150w, https:\/\/holisticclinicspa.com\/wp-content\/uploads\/2023\/08\/cropped-holistics-hoja-270x270.png 270w, https:\/\/holisticclinicspa.com\/wp-content\/uploads\/2023\/08\/cropped-holistics-hoja-192x192.png 192w, https:\/\/holisticclinicspa.com\/wp-content\/uploads\/2023\/08\/cropped-holistics-hoja-180x180.png 180w, https:\/\/holisticclinicspa.com\/wp-content\/uploads\/2023\/08\/cropped-holistics-hoja-32x32.png 32w\" sizes=\"(max-width: 512px) 100vw, 512px\" \/>\t\t\t\t\t\t\t\t\t\t\t\t\t\t\t<\/div>\n\t\t\t\t<\/div>\n\t\t\t\t<div class=\"elementor-element elementor-element-4694f6a elementor-widget__width-initial elementor-widget elementor-widget-text-editor\" data-id=\"4694f6a\" data-element_type=\"widget\" data-e-type=\"widget\" data-widget_type=\"text-editor.default\">\n\t\t\t\t<div class=\"elementor-widget-container\">\n\t\t\t\t\t\t\t\t\t<p>Chronic disease prevention. Cleansing of heavy metals prevents the risk of chronic diseases such as heart disease, cancer and autoimmune disorders<\/p>\t\t\t\t\t\t\t\t<\/div>\n\t\t\t\t<\/div>\n\t\t\t\t\t<\/div>\n\t\t<\/div>\n\t\t\t\t\t<\/div>\n\t\t<\/section>\n\t\t\t\t<div class=\"elementor-element elementor-element-e4c5f04 elementor-widget elementor-widget-spacer\" data-id=\"e4c5f04\" data-element_type=\"widget\" data-e-type=\"widget\" data-widget_type=\"spacer.default\">\n\t\t\t\t<div class=\"elementor-widget-container\">\n\t\t\t\t\t\t\t<div class=\"elementor-spacer\">\n\t\t\t<div class=\"elementor-spacer-inner\"><\/div>\n\t\t<\/div>\n\t\t\t\t\t\t<\/div>\n\t\t\t\t<\/div>\n\t\t\t\t<div class=\"elementor-element elementor-element-d6e8149 elementor-widget elementor-widget-heading\" data-id=\"d6e8149\" data-element_type=\"widget\" data-e-type=\"widget\" data-widget_type=\"heading.default\">\n\t\t\t\t<div class=\"elementor-widget-container\">\n\t\t\t\t\t<h2 class=\"elementor-heading-title elementor-size-default\">Our methods are based on the combination of several holistic tools<\/h2>\t\t\t\t<\/div>\n\t\t\t\t<\/div>\n\t\t\t\t<div class=\"elementor-element elementor-element-6906076 elementor-widget elementor-widget-text-editor\" data-id=\"6906076\" data-element_type=\"widget\" data-e-type=\"widget\" data-widget_type=\"text-editor.default\">\n\t\t\t\t<div class=\"elementor-widget-container\">\n\t\t\t\t\t\t\t\t\t<p>Our protocol is based on Herbal Medicine, Seaweed, Orthomolecular, Ionic Detox, Biofrequencies and Volcanic Mineral Supplements (such as Zeolite). All with chelating properties to help eliminate heavy metals from the body.<\/p><p>By taking steps to cleanse our bodies of heavy metals, we can improve our quality of life and prevent possible chronic diseases. It's time to take action and take care of our health.<\/p>\t\t\t\t\t\t\t\t<\/div>\n\t\t\t\t<\/div>\n\t\t\t\t<div class=\"elementor-element elementor-element-f95c017 elementor-widget elementor-widget-spacer\" data-id=\"f95c017\" data-element_type=\"widget\" data-e-type=\"widget\" data-widget_type=\"spacer.default\">\n\t\t\t\t<div class=\"elementor-widget-container\">\n\t\t\t\t\t\t\t<div class=\"elementor-spacer\">\n\t\t\t<div class=\"elementor-spacer-inner\"><\/div>\n\t\t<\/div>\n\t\t\t\t\t\t<\/div>\n\t\t\t\t<\/div>\n\t\t\t\t\t<\/div>\n\t\t<\/div>\n\t\t\t\t\t<\/div>\n\t\t<\/section>\n\t\t\t\t<\/div>","protected":false},"excerpt":{"rendered":"<p>Limpieza de metales pesados Este protocolo se enfoca en eliminar metales pesados t\u00f3xicos del cuerpo, como mercurio, plomo, cadmio y ars\u00e9nico, que pueden acumularse y da\u00f1ar seriamente nuestra salud.\u00a0 La contaminaci\u00f3n por metales pesados se ha convertido en un problema cada vez m\u00e1s com\u00fan en nuestro entorno. Efectos y beneficios Mejora la funci\u00f3n cerebral. Limpiar [&hellip;]<\/p>\n","protected":false},"author":1,"featured_media":0,"parent":0,"menu_order":0,"comment_status":"closed","ping_status":"closed","template":"","meta":{"_monsterinsights_skip_tracking":false,"_monsterinsights_sitenote_active":false,"_monsterinsights_sitenote_note":"","_monsterinsights_sitenote_category":0,"footnotes":""},"class_list":["post-2343","page","type-page","status-publish","hentry"],"aioseo_notices":[],"_links":{"self":[{"href":"https:\/\/holisticclinicspa.com\/en\/wp-json\/wp\/v2\/pages\/2343","targetHints":{"allow":["GET"]}}],"collection":[{"href":"https:\/\/holisticclinicspa.com\/en\/wp-json\/wp\/v2\/pages"}],"about":[{"href":"https:\/\/holisticclinicspa.com\/en\/wp-json\/wp\/v2\/types\/page"}],"author":[{"embeddable":true,"href":"https:\/\/holisticclinicspa.com\/en\/wp-json\/wp\/v2\/users\/1"}],"replies":[{"embeddable":true,"href":"https:\/\/holisticclinicspa.com\/en\/wp-json\/wp\/v2\/comments?post=2343"}],"version-history":[{"count":16,"href":"https:\/\/holisticclinicspa.com\/en\/wp-json\/wp\/v2\/pages\/2343\/revisions"}],"predecessor-version":[{"id":3416,"href":"https:\/\/holisticclinicspa.com\/en\/wp-json\/wp\/v2\/pages\/2343\/revisions\/3416"}],"wp:attachment":[{"href":"https:\/\/holisticclinicspa.com\/en\/wp-json\/wp\/v2\/media?parent=2343"}],"curies":[{"name":"wp","href":"https:\/\/api.w.org\/{rel}","templated":true}]}}