{"id":2376,"date":"2023-10-17T18:06:59","date_gmt":"2023-10-17T18:06:59","guid":{"rendered":"https:\/\/holisticclinicspa.com\/?page_id=2376"},"modified":"2026-01-27T23:51:35","modified_gmt":"2026-01-27T23:51:35","slug":"cama-andulatoria","status":"publish","type":"page","link":"https:\/\/holisticclinicspa.com\/en\/cama-andulatoria\/","title":{"rendered":"Bed with Vibration Therapy"},"content":{"rendered":"<div data-elementor-type=\"wp-page\" data-elementor-id=\"2376\" class=\"elementor elementor-2376\" data-elementor-post-type=\"page\">\n\t\t\t\t\t\t<section class=\"elementor-section elementor-top-section elementor-element elementor-element-bcfcc51 elementor-section-full_width elementor-section-content-middle elementor-section-height-default elementor-section-height-default\" data-id=\"bcfcc51\" data-element_type=\"section\" data-e-type=\"section\" data-settings=\"{&quot;background_background&quot;:&quot;classic&quot;}\">\n\t\t\t\t\t\t<div class=\"elementor-container elementor-column-gap-default\">\n\t\t\t\t\t<div class=\"elementor-column elementor-col-50 elementor-top-column elementor-element elementor-element-1fbb854\" data-id=\"1fbb854\" data-element_type=\"column\" data-e-type=\"column\">\n\t\t\t<div class=\"elementor-widget-wrap elementor-element-populated\">\n\t\t\t\t\t\t<div class=\"elementor-element elementor-element-e94d28a elementor-widget elementor-widget-image\" data-id=\"e94d28a\" data-element_type=\"widget\" data-e-type=\"widget\" data-widget_type=\"image.default\">\n\t\t\t\t<div class=\"elementor-widget-container\">\n\t\t\t\t\t\t\t\t\t\t\t\t\t\t\t<img fetchpriority=\"high\" decoding=\"async\" width=\"800\" height=\"450\" src=\"https:\/\/holisticclinicspa.com\/wp-content\/uploads\/2023\/10\/plantilla12-1024x576.jpg\" class=\"attachment-large size-large wp-image-3311\" alt=\"\" srcset=\"https:\/\/holisticclinicspa.com\/wp-content\/uploads\/2023\/10\/plantilla12-1024x576.jpg 1024w, https:\/\/holisticclinicspa.com\/wp-content\/uploads\/2023\/10\/plantilla12-300x169.jpg 300w, https:\/\/holisticclinicspa.com\/wp-content\/uploads\/2023\/10\/plantilla12-768x432.jpg 768w, https:\/\/holisticclinicspa.com\/wp-content\/uploads\/2023\/10\/plantilla12-1536x864.jpg 1536w, https:\/\/holisticclinicspa.com\/wp-content\/uploads\/2023\/10\/plantilla12-18x10.jpg 18w, https:\/\/holisticclinicspa.com\/wp-content\/uploads\/2023\/10\/plantilla12.jpg 1920w\" sizes=\"(max-width: 800px) 100vw, 800px\" \/>\t\t\t\t\t\t\t\t\t\t\t\t\t\t\t<\/div>\n\t\t\t\t<\/div>\n\t\t\t\t\t<\/div>\n\t\t<\/div>\n\t\t\t\t<div class=\"elementor-column elementor-col-50 elementor-top-column elementor-element elementor-element-41c8274\" data-id=\"41c8274\" data-element_type=\"column\" data-e-type=\"column\" data-settings=\"{&quot;background_background&quot;:&quot;classic&quot;}\">\n\t\t\t<div class=\"elementor-widget-wrap elementor-element-populated\">\n\t\t\t\t\t\t<div class=\"elementor-element elementor-element-b6877aa elementor-hidden-desktop elementor-widget elementor-widget-spacer\" data-id=\"b6877aa\" data-element_type=\"widget\" data-e-type=\"widget\" data-widget_type=\"spacer.default\">\n\t\t\t\t<div class=\"elementor-widget-container\">\n\t\t\t\t\t\t\t<div class=\"elementor-spacer\">\n\t\t\t<div class=\"elementor-spacer-inner\"><\/div>\n\t\t<\/div>\n\t\t\t\t\t\t<\/div>\n\t\t\t\t<\/div>\n\t\t\t\t<div class=\"elementor-element elementor-element-7227c89 elementor-widget elementor-widget-heading\" data-id=\"7227c89\" data-element_type=\"widget\" data-e-type=\"widget\" data-widget_type=\"heading.default\">\n\t\t\t\t<div class=\"elementor-widget-container\">\n\t\t\t\t\t<h2 class=\"elementor-heading-title elementor-size-default\">Bed with Vibration Therapy<\/h2>\t\t\t\t<\/div>\n\t\t\t\t<\/div>\n\t\t\t\t<div class=\"elementor-element elementor-element-6189fed elementor-widget elementor-widget-text-editor\" data-id=\"6189fed\" data-element_type=\"widget\" data-e-type=\"widget\" data-widget_type=\"text-editor.default\">\n\t\t\t\t<div class=\"elementor-widget-container\">\n\t\t\t\t\t\t\t\t\t<p>The andullation bed is a therapy that combines vibrations and heat to promote pain relief and muscle relaxation.<\/p>\t\t\t\t\t\t\t\t<\/div>\n\t\t\t\t<\/div>\n\t\t\t\t<div class=\"elementor-element elementor-element-8234d41 elementor-hidden-desktop elementor-widget elementor-widget-spacer\" data-id=\"8234d41\" data-element_type=\"widget\" data-e-type=\"widget\" data-widget_type=\"spacer.default\">\n\t\t\t\t<div class=\"elementor-widget-container\">\n\t\t\t\t\t\t\t<div class=\"elementor-spacer\">\n\t\t\t<div class=\"elementor-spacer-inner\"><\/div>\n\t\t<\/div>\n\t\t\t\t\t\t<\/div>\n\t\t\t\t<\/div>\n\t\t\t\t\t<\/div>\n\t\t<\/div>\n\t\t\t\t\t<\/div>\n\t\t<\/section>\n\t\t\t\t<section class=\"elementor-section elementor-top-section elementor-element elementor-element-efceb28 elementor-section-boxed elementor-section-height-default elementor-section-height-default\" data-id=\"efceb28\" data-element_type=\"section\" data-e-type=\"section\">\n\t\t\t\t\t\t<div class=\"elementor-container elementor-column-gap-default\">\n\t\t\t\t\t<div class=\"elementor-column elementor-col-100 elementor-top-column elementor-element elementor-element-7b9e99d\" data-id=\"7b9e99d\" data-element_type=\"column\" data-e-type=\"column\">\n\t\t\t<div class=\"elementor-widget-wrap elementor-element-populated\">\n\t\t\t\t\t\t<div class=\"elementor-element elementor-element-cc79cd4 elementor-widget elementor-widget-spacer\" data-id=\"cc79cd4\" data-element_type=\"widget\" data-e-type=\"widget\" data-widget_type=\"spacer.default\">\n\t\t\t\t<div class=\"elementor-widget-container\">\n\t\t\t\t\t\t\t<div class=\"elementor-spacer\">\n\t\t\t<div class=\"elementor-spacer-inner\"><\/div>\n\t\t<\/div>\n\t\t\t\t\t\t<\/div>\n\t\t\t\t<\/div>\n\t\t\t\t<div class=\"elementor-element elementor-element-d387a4a elementor-widget elementor-widget-heading\" data-id=\"d387a4a\" data-element_type=\"widget\" data-e-type=\"widget\" data-widget_type=\"heading.default\">\n\t\t\t\t<div class=\"elementor-widget-container\">\n\t\t\t\t\t<h2 class=\"elementor-heading-title elementor-size-default\">Effects and Benefits<\/h2>\t\t\t\t<\/div>\n\t\t\t\t<\/div>\n\t\t\t\t<section class=\"elementor-section elementor-inner-section elementor-element elementor-element-eb2bd4a elementor-section-boxed elementor-section-height-default elementor-section-height-default\" data-id=\"eb2bd4a\" data-element_type=\"section\" data-e-type=\"section\">\n\t\t\t\t\t\t<div class=\"elementor-container elementor-column-gap-default\">\n\t\t\t\t\t<div class=\"elementor-column elementor-col-50 elementor-inner-column elementor-element elementor-element-92de519\" data-id=\"92de519\" data-element_type=\"column\" data-e-type=\"column\">\n\t\t\t<div class=\"elementor-widget-wrap elementor-element-populated\">\n\t\t\t\t\t\t<div class=\"elementor-element elementor-element-3bec115 elementor-widget__width-initial elementor-widget elementor-widget-image\" data-id=\"3bec115\" data-element_type=\"widget\" data-e-type=\"widget\" data-widget_type=\"image.default\">\n\t\t\t\t<div class=\"elementor-widget-container\">\n\t\t\t\t\t\t\t\t\t\t\t\t\t\t\t<img decoding=\"async\" width=\"512\" height=\"512\" src=\"https:\/\/holisticclinicspa.com\/wp-content\/uploads\/2023\/08\/cropped-holistics-hoja.png\" class=\"attachment-large size-large wp-image-229\" alt=\"\" srcset=\"https:\/\/holisticclinicspa.com\/wp-content\/uploads\/2023\/08\/cropped-holistics-hoja.png 512w, https:\/\/holisticclinicspa.com\/wp-content\/uploads\/2023\/08\/cropped-holistics-hoja-300x300.png 300w, https:\/\/holisticclinicspa.com\/wp-content\/uploads\/2023\/08\/cropped-holistics-hoja-150x150.png 150w, https:\/\/holisticclinicspa.com\/wp-content\/uploads\/2023\/08\/cropped-holistics-hoja-270x270.png 270w, https:\/\/holisticclinicspa.com\/wp-content\/uploads\/2023\/08\/cropped-holistics-hoja-192x192.png 192w, https:\/\/holisticclinicspa.com\/wp-content\/uploads\/2023\/08\/cropped-holistics-hoja-180x180.png 180w, https:\/\/holisticclinicspa.com\/wp-content\/uploads\/2023\/08\/cropped-holistics-hoja-32x32.png 32w\" sizes=\"(max-width: 512px) 100vw, 512px\" \/>\t\t\t\t\t\t\t\t\t\t\t\t\t\t\t<\/div>\n\t\t\t\t<\/div>\n\t\t\t\t<div class=\"elementor-element elementor-element-09742f2 elementor-widget__width-initial elementor-widget elementor-widget-text-editor\" data-id=\"09742f2\" data-element_type=\"widget\" data-e-type=\"widget\" data-widget_type=\"text-editor.default\">\n\t\t\t\t<div class=\"elementor-widget-container\">\n\t\t\t\t\t\t\t\t\t<p>Energy production in cells<\/p>\t\t\t\t\t\t\t\t<\/div>\n\t\t\t\t<\/div>\n\t\t\t\t<div class=\"elementor-element elementor-element-8ac5031 elementor-widget__width-initial elementor-widget elementor-widget-image\" data-id=\"8ac5031\" data-element_type=\"widget\" data-e-type=\"widget\" data-widget_type=\"image.default\">\n\t\t\t\t<div class=\"elementor-widget-container\">\n\t\t\t\t\t\t\t\t\t\t\t\t\t\t\t<img decoding=\"async\" width=\"512\" height=\"512\" src=\"https:\/\/holisticclinicspa.com\/wp-content\/uploads\/2023\/08\/cropped-holistics-hoja.png\" class=\"attachment-large size-large wp-image-229\" alt=\"\" srcset=\"https:\/\/holisticclinicspa.com\/wp-content\/uploads\/2023\/08\/cropped-holistics-hoja.png 512w, https:\/\/holisticclinicspa.com\/wp-content\/uploads\/2023\/08\/cropped-holistics-hoja-300x300.png 300w, https:\/\/holisticclinicspa.com\/wp-content\/uploads\/2023\/08\/cropped-holistics-hoja-150x150.png 150w, https:\/\/holisticclinicspa.com\/wp-content\/uploads\/2023\/08\/cropped-holistics-hoja-270x270.png 270w, https:\/\/holisticclinicspa.com\/wp-content\/uploads\/2023\/08\/cropped-holistics-hoja-192x192.png 192w, https:\/\/holisticclinicspa.com\/wp-content\/uploads\/2023\/08\/cropped-holistics-hoja-180x180.png 180w, https:\/\/holisticclinicspa.com\/wp-content\/uploads\/2023\/08\/cropped-holistics-hoja-32x32.png 32w\" sizes=\"(max-width: 512px) 100vw, 512px\" \/>\t\t\t\t\t\t\t\t\t\t\t\t\t\t\t<\/div>\n\t\t\t\t<\/div>\n\t\t\t\t<div class=\"elementor-element elementor-element-623178f elementor-widget__width-initial elementor-widget elementor-widget-text-editor\" data-id=\"623178f\" data-element_type=\"widget\" data-e-type=\"widget\" data-widget_type=\"text-editor.default\">\n\t\t\t\t<div class=\"elementor-widget-container\">\n\t\t\t\t\t\t\t\t\t<p>Reduces insomnia and promotes physical relaxation<\/p>\t\t\t\t\t\t\t\t<\/div>\n\t\t\t\t<\/div>\n\t\t\t\t<div class=\"elementor-element elementor-element-d15a223 elementor-widget__width-initial elementor-widget elementor-widget-image\" data-id=\"d15a223\" data-element_type=\"widget\" data-e-type=\"widget\" data-widget_type=\"image.default\">\n\t\t\t\t<div class=\"elementor-widget-container\">\n\t\t\t\t\t\t\t\t\t\t\t\t\t\t\t<img decoding=\"async\" width=\"512\" height=\"512\" src=\"https:\/\/holisticclinicspa.com\/wp-content\/uploads\/2023\/08\/cropped-holistics-hoja.png\" class=\"attachment-large size-large wp-image-229\" alt=\"\" srcset=\"https:\/\/holisticclinicspa.com\/wp-content\/uploads\/2023\/08\/cropped-holistics-hoja.png 512w, https:\/\/holisticclinicspa.com\/wp-content\/uploads\/2023\/08\/cropped-holistics-hoja-300x300.png 300w, https:\/\/holisticclinicspa.com\/wp-content\/uploads\/2023\/08\/cropped-holistics-hoja-150x150.png 150w, https:\/\/holisticclinicspa.com\/wp-content\/uploads\/2023\/08\/cropped-holistics-hoja-270x270.png 270w, https:\/\/holisticclinicspa.com\/wp-content\/uploads\/2023\/08\/cropped-holistics-hoja-192x192.png 192w, https:\/\/holisticclinicspa.com\/wp-content\/uploads\/2023\/08\/cropped-holistics-hoja-180x180.png 180w, https:\/\/holisticclinicspa.com\/wp-content\/uploads\/2023\/08\/cropped-holistics-hoja-32x32.png 32w\" sizes=\"(max-width: 512px) 100vw, 512px\" \/>\t\t\t\t\t\t\t\t\t\t\t\t\t\t\t<\/div>\n\t\t\t\t<\/div>\n\t\t\t\t<div class=\"elementor-element elementor-element-3036af6 elementor-widget__width-initial elementor-widget elementor-widget-text-editor\" data-id=\"3036af6\" data-element_type=\"widget\" data-e-type=\"widget\" data-widget_type=\"text-editor.default\">\n\t\t\t\t<div class=\"elementor-widget-container\">\n\t\t\t\t\t\t\t\t\t<p>Contributes to the fight against arthritis<\/p>\t\t\t\t\t\t\t\t<\/div>\n\t\t\t\t<\/div>\n\t\t\t\t<div class=\"elementor-element elementor-element-ad6377a elementor-widget__width-initial elementor-widget elementor-widget-image\" data-id=\"ad6377a\" data-element_type=\"widget\" data-e-type=\"widget\" data-widget_type=\"image.default\">\n\t\t\t\t<div class=\"elementor-widget-container\">\n\t\t\t\t\t\t\t\t\t\t\t\t\t\t\t<img decoding=\"async\" width=\"512\" height=\"512\" src=\"https:\/\/holisticclinicspa.com\/wp-content\/uploads\/2023\/08\/cropped-holistics-hoja.png\" class=\"attachment-large size-large wp-image-229\" alt=\"\" srcset=\"https:\/\/holisticclinicspa.com\/wp-content\/uploads\/2023\/08\/cropped-holistics-hoja.png 512w, https:\/\/holisticclinicspa.com\/wp-content\/uploads\/2023\/08\/cropped-holistics-hoja-300x300.png 300w, https:\/\/holisticclinicspa.com\/wp-content\/uploads\/2023\/08\/cropped-holistics-hoja-150x150.png 150w, https:\/\/holisticclinicspa.com\/wp-content\/uploads\/2023\/08\/cropped-holistics-hoja-270x270.png 270w, https:\/\/holisticclinicspa.com\/wp-content\/uploads\/2023\/08\/cropped-holistics-hoja-192x192.png 192w, https:\/\/holisticclinicspa.com\/wp-content\/uploads\/2023\/08\/cropped-holistics-hoja-180x180.png 180w, https:\/\/holisticclinicspa.com\/wp-content\/uploads\/2023\/08\/cropped-holistics-hoja-32x32.png 32w\" sizes=\"(max-width: 512px) 100vw, 512px\" \/>\t\t\t\t\t\t\t\t\t\t\t\t\t\t\t<\/div>\n\t\t\t\t<\/div>\n\t\t\t\t<div class=\"elementor-element elementor-element-5428e4c elementor-widget__width-initial elementor-widget elementor-widget-text-editor\" data-id=\"5428e4c\" data-element_type=\"widget\" data-e-type=\"widget\" data-widget_type=\"text-editor.default\">\n\t\t\t\t<div class=\"elementor-widget-container\">\n\t\t\t\t\t\t\t\t\t<p>Helps reduce stress and improves sleep quality<\/p>\t\t\t\t\t\t\t\t<\/div>\n\t\t\t\t<\/div>\n\t\t\t\t\t<\/div>\n\t\t<\/div>\n\t\t\t\t<div class=\"elementor-column elementor-col-50 elementor-inner-column elementor-element elementor-element-24ce7b0\" data-id=\"24ce7b0\" data-element_type=\"column\" data-e-type=\"column\">\n\t\t\t<div class=\"elementor-widget-wrap elementor-element-populated\">\n\t\t\t\t\t\t<div class=\"elementor-element elementor-element-e86b6ca elementor-widget__width-initial elementor-widget elementor-widget-image\" data-id=\"e86b6ca\" data-element_type=\"widget\" data-e-type=\"widget\" data-widget_type=\"image.default\">\n\t\t\t\t<div class=\"elementor-widget-container\">\n\t\t\t\t\t\t\t\t\t\t\t\t\t\t\t<img decoding=\"async\" width=\"512\" height=\"512\" src=\"https:\/\/holisticclinicspa.com\/wp-content\/uploads\/2023\/08\/cropped-holistics-hoja.png\" class=\"attachment-large size-large wp-image-229\" alt=\"\" srcset=\"https:\/\/holisticclinicspa.com\/wp-content\/uploads\/2023\/08\/cropped-holistics-hoja.png 512w, https:\/\/holisticclinicspa.com\/wp-content\/uploads\/2023\/08\/cropped-holistics-hoja-300x300.png 300w, https:\/\/holisticclinicspa.com\/wp-content\/uploads\/2023\/08\/cropped-holistics-hoja-150x150.png 150w, https:\/\/holisticclinicspa.com\/wp-content\/uploads\/2023\/08\/cropped-holistics-hoja-270x270.png 270w, https:\/\/holisticclinicspa.com\/wp-content\/uploads\/2023\/08\/cropped-holistics-hoja-192x192.png 192w, https:\/\/holisticclinicspa.com\/wp-content\/uploads\/2023\/08\/cropped-holistics-hoja-180x180.png 180w, https:\/\/holisticclinicspa.com\/wp-content\/uploads\/2023\/08\/cropped-holistics-hoja-32x32.png 32w\" sizes=\"(max-width: 512px) 100vw, 512px\" \/>\t\t\t\t\t\t\t\t\t\t\t\t\t\t\t<\/div>\n\t\t\t\t<\/div>\n\t\t\t\t<div class=\"elementor-element elementor-element-1d13f96 elementor-widget__width-initial elementor-widget elementor-widget-text-editor\" data-id=\"1d13f96\" data-element_type=\"widget\" data-e-type=\"widget\" data-widget_type=\"text-editor.default\">\n\t\t\t\t<div class=\"elementor-widget-container\">\n\t\t\t\t\t\t\t\t\t<p>Pain relief by superimposing over pain signals<\/p>\t\t\t\t\t\t\t\t<\/div>\n\t\t\t\t<\/div>\n\t\t\t\t<div class=\"elementor-element elementor-element-342d033 elementor-widget__width-initial elementor-widget elementor-widget-image\" data-id=\"342d033\" data-element_type=\"widget\" data-e-type=\"widget\" data-widget_type=\"image.default\">\n\t\t\t\t<div class=\"elementor-widget-container\">\n\t\t\t\t\t\t\t\t\t\t\t\t\t\t\t<img decoding=\"async\" width=\"512\" height=\"512\" src=\"https:\/\/holisticclinicspa.com\/wp-content\/uploads\/2023\/08\/cropped-holistics-hoja.png\" class=\"attachment-large size-large wp-image-229\" alt=\"\" srcset=\"https:\/\/holisticclinicspa.com\/wp-content\/uploads\/2023\/08\/cropped-holistics-hoja.png 512w, https:\/\/holisticclinicspa.com\/wp-content\/uploads\/2023\/08\/cropped-holistics-hoja-300x300.png 300w, https:\/\/holisticclinicspa.com\/wp-content\/uploads\/2023\/08\/cropped-holistics-hoja-150x150.png 150w, https:\/\/holisticclinicspa.com\/wp-content\/uploads\/2023\/08\/cropped-holistics-hoja-270x270.png 270w, https:\/\/holisticclinicspa.com\/wp-content\/uploads\/2023\/08\/cropped-holistics-hoja-192x192.png 192w, https:\/\/holisticclinicspa.com\/wp-content\/uploads\/2023\/08\/cropped-holistics-hoja-180x180.png 180w, https:\/\/holisticclinicspa.com\/wp-content\/uploads\/2023\/08\/cropped-holistics-hoja-32x32.png 32w\" sizes=\"(max-width: 512px) 100vw, 512px\" \/>\t\t\t\t\t\t\t\t\t\t\t\t\t\t\t<\/div>\n\t\t\t\t<\/div>\n\t\t\t\t<div class=\"elementor-element elementor-element-4694f6a elementor-widget__width-initial elementor-widget elementor-widget-text-editor\" data-id=\"4694f6a\" data-element_type=\"widget\" data-e-type=\"widget\" data-widget_type=\"text-editor.default\">\n\t\t\t\t<div class=\"elementor-widget-container\">\n\t\t\t\t\t\t\t\t\t<p>Stimulation of the flow of lymphatic fluid<\/p>\t\t\t\t\t\t\t\t<\/div>\n\t\t\t\t<\/div>\n\t\t\t\t<div class=\"elementor-element elementor-element-d6efd60 elementor-widget__width-initial elementor-widget elementor-widget-image\" data-id=\"d6efd60\" data-element_type=\"widget\" data-e-type=\"widget\" data-widget_type=\"image.default\">\n\t\t\t\t<div class=\"elementor-widget-container\">\n\t\t\t\t\t\t\t\t\t\t\t\t\t\t\t<img decoding=\"async\" width=\"512\" height=\"512\" src=\"https:\/\/holisticclinicspa.com\/wp-content\/uploads\/2023\/08\/cropped-holistics-hoja.png\" class=\"attachment-large size-large wp-image-229\" alt=\"\" srcset=\"https:\/\/holisticclinicspa.com\/wp-content\/uploads\/2023\/08\/cropped-holistics-hoja.png 512w, https:\/\/holisticclinicspa.com\/wp-content\/uploads\/2023\/08\/cropped-holistics-hoja-300x300.png 300w, https:\/\/holisticclinicspa.com\/wp-content\/uploads\/2023\/08\/cropped-holistics-hoja-150x150.png 150w, https:\/\/holisticclinicspa.com\/wp-content\/uploads\/2023\/08\/cropped-holistics-hoja-270x270.png 270w, https:\/\/holisticclinicspa.com\/wp-content\/uploads\/2023\/08\/cropped-holistics-hoja-192x192.png 192w, https:\/\/holisticclinicspa.com\/wp-content\/uploads\/2023\/08\/cropped-holistics-hoja-180x180.png 180w, https:\/\/holisticclinicspa.com\/wp-content\/uploads\/2023\/08\/cropped-holistics-hoja-32x32.png 32w\" sizes=\"(max-width: 512px) 100vw, 512px\" \/>\t\t\t\t\t\t\t\t\t\t\t\t\t\t\t<\/div>\n\t\t\t\t<\/div>\n\t\t\t\t<div class=\"elementor-element elementor-element-afbb603 elementor-widget__width-initial elementor-widget elementor-widget-text-editor\" data-id=\"afbb603\" data-element_type=\"widget\" data-e-type=\"widget\" data-widget_type=\"text-editor.default\">\n\t\t\t\t<div class=\"elementor-widget-container\">\n\t\t\t\t\t\t\t\t\t<p>Stimulation of blood circulation<\/p>\t\t\t\t\t\t\t\t<\/div>\n\t\t\t\t<\/div>\n\t\t\t\t\t<\/div>\n\t\t<\/div>\n\t\t\t\t\t<\/div>\n\t\t<\/section>\n\t\t\t\t<div class=\"elementor-element elementor-element-e4c5f04 elementor-widget elementor-widget-spacer\" data-id=\"e4c5f04\" data-element_type=\"widget\" data-e-type=\"widget\" data-widget_type=\"spacer.default\">\n\t\t\t\t<div class=\"elementor-widget-container\">\n\t\t\t\t\t\t\t<div class=\"elementor-spacer\">\n\t\t\t<div class=\"elementor-spacer-inner\"><\/div>\n\t\t<\/div>\n\t\t\t\t\t\t<\/div>\n\t\t\t\t<\/div>\n\t\t\t\t\t<\/div>\n\t\t<\/div>\n\t\t\t\t\t<\/div>\n\t\t<\/section>\n\t\t\t\t<section class=\"elementor-section elementor-top-section elementor-element elementor-element-949b358 elementor-section-boxed elementor-section-height-default elementor-section-height-default\" data-id=\"949b358\" data-element_type=\"section\" data-e-type=\"section\" data-settings=\"{&quot;background_background&quot;:&quot;gradient&quot;}\">\n\t\t\t\t\t\t<div class=\"elementor-container elementor-column-gap-default\">\n\t\t\t\t\t<div class=\"elementor-column elementor-col-100 elementor-top-column elementor-element elementor-element-4249b4f\" data-id=\"4249b4f\" data-element_type=\"column\" data-e-type=\"column\">\n\t\t\t<div class=\"elementor-widget-wrap elementor-element-populated\">\n\t\t\t\t\t\t<section class=\"elementor-section elementor-inner-section elementor-element elementor-element-fdc636a elementor-section-boxed elementor-section-height-default elementor-section-height-default\" data-id=\"fdc636a\" data-element_type=\"section\" data-e-type=\"section\">\n\t\t\t\t\t\t<div class=\"elementor-container elementor-column-gap-default\">\n\t\t\t\t\t<div class=\"elementor-column elementor-col-100 elementor-inner-column elementor-element elementor-element-deb4af4\" data-id=\"deb4af4\" data-element_type=\"column\" data-e-type=\"column\">\n\t\t\t<div class=\"elementor-widget-wrap elementor-element-populated\">\n\t\t\t\t\t\t<div class=\"elementor-element elementor-element-9d269cf elementor-widget elementor-widget-heading\" data-id=\"9d269cf\" data-element_type=\"widget\" data-e-type=\"widget\" data-widget_type=\"heading.default\">\n\t\t\t\t<div class=\"elementor-widget-container\">\n\t\t\t\t\t<h2 class=\"elementor-heading-title elementor-size-default\">The objetive of the therapy<\/h2>\t\t\t\t<\/div>\n\t\t\t\t<\/div>\n\t\t\t\t<div class=\"elementor-element elementor-element-8fc9f11 elementor-widget elementor-widget-text-editor\" data-id=\"8fc9f11\" data-element_type=\"widget\" data-e-type=\"widget\" data-widget_type=\"text-editor.default\">\n\t\t\t\t<div class=\"elementor-widget-container\">\n\t\t\t\t\t\t\t\t\t<p>Andullation technology has proven to be an effective complement for the treatment of musculoskeletal conditions and chronic pathologies, being highly valuable in improving the quality of life and overall well-being. The andullation bed offers a wide range of applications related to healthy habits and general well-being.<\/p>\t\t\t\t\t\t\t\t<\/div>\n\t\t\t\t<\/div>\n\t\t\t\t\t<\/div>\n\t\t<\/div>\n\t\t\t\t\t<\/div>\n\t\t<\/section>\n\t\t\t\t\t<\/div>\n\t\t<\/div>\n\t\t\t\t\t<\/div>\n\t\t<\/section>\n\t\t\t\t<section class=\"elementor-section elementor-top-section elementor-element elementor-element-83c53b3 elementor-section-boxed elementor-section-height-default elementor-section-height-default\" data-id=\"83c53b3\" data-element_type=\"section\" data-e-type=\"section\">\n\t\t\t\t\t\t<div class=\"elementor-container elementor-column-gap-default\">\n\t\t\t\t\t<div class=\"elementor-column elementor-col-100 elementor-top-column elementor-element elementor-element-10943ec\" data-id=\"10943ec\" data-element_type=\"column\" data-e-type=\"column\">\n\t\t\t<div class=\"elementor-widget-wrap elementor-element-populated\">\n\t\t\t\t\t\t<div class=\"elementor-element elementor-element-55f9aad elementor-widget elementor-widget-spacer\" data-id=\"55f9aad\" data-element_type=\"widget\" data-e-type=\"widget\" data-widget_type=\"spacer.default\">\n\t\t\t\t<div class=\"elementor-widget-container\">\n\t\t\t\t\t\t\t<div class=\"elementor-spacer\">\n\t\t\t<div class=\"elementor-spacer-inner\"><\/div>\n\t\t<\/div>\n\t\t\t\t\t\t<\/div>\n\t\t\t\t<\/div>\n\t\t\t\t\t<\/div>\n\t\t<\/div>\n\t\t\t\t\t<\/div>\n\t\t<\/section>\n\t\t\t\t<\/div>","protected":false},"excerpt":{"rendered":"<p>Cama Andulatoria La cama anduladora es una terapia que combina vibraciones y calor para promover el alivio del dolor y la relajaci\u00f3n muscular. Efectos y beneficios Producci\u00f3n de energ\u00eda en las c\u00e9lulas Disminuye el insomnio y promueve la relajaci\u00f3n f\u00edsica Contribuye en el combate contra la artritis Ayuda a disminuir el estr\u00e9s y mejora la [&hellip;]<\/p>\n","protected":false},"author":1,"featured_media":0,"parent":0,"menu_order":0,"comment_status":"closed","ping_status":"closed","template":"","meta":{"_monsterinsights_skip_tracking":false,"_monsterinsights_sitenote_active":false,"_monsterinsights_sitenote_note":"","_monsterinsights_sitenote_category":0,"footnotes":""},"class_list":["post-2376","page","type-page","status-publish","hentry"],"aioseo_notices":[],"_links":{"self":[{"href":"https:\/\/holisticclinicspa.com\/en\/wp-json\/wp\/v2\/pages\/2376","targetHints":{"allow":["GET"]}}],"collection":[{"href":"https:\/\/holisticclinicspa.com\/en\/wp-json\/wp\/v2\/pages"}],"about":[{"href":"https:\/\/holisticclinicspa.com\/en\/wp-json\/wp\/v2\/types\/page"}],"author":[{"embeddable":true,"href":"https:\/\/holisticclinicspa.com\/en\/wp-json\/wp\/v2\/users\/1"}],"replies":[{"embeddable":true,"href":"https:\/\/holisticclinicspa.com\/en\/wp-json\/wp\/v2\/comments?post=2376"}],"version-history":[{"count":16,"href":"https:\/\/holisticclinicspa.com\/en\/wp-json\/wp\/v2\/pages\/2376\/revisions"}],"predecessor-version":[{"id":3323,"href":"https:\/\/holisticclinicspa.com\/en\/wp-json\/wp\/v2\/pages\/2376\/revisions\/3323"}],"wp:attachment":[{"href":"https:\/\/holisticclinicspa.com\/en\/wp-json\/wp\/v2\/media?parent=2376"}],"curies":[{"name":"wp","href":"https:\/\/api.w.org\/{rel}","templated":true}]}}