{"id":2382,"date":"2023-10-17T18:31:37","date_gmt":"2023-10-17T18:31:37","guid":{"rendered":"https:\/\/holisticclinicspa.com\/?page_id=2382"},"modified":"2023-10-20T22:00:35","modified_gmt":"2023-10-20T22:00:35","slug":"temazcal","status":"publish","type":"page","link":"https:\/\/holisticclinicspa.com\/en\/temazcal\/","title":{"rendered":"Temazcal"},"content":{"rendered":"<div data-elementor-type=\"wp-page\" data-elementor-id=\"2382\" class=\"elementor elementor-2382\" data-elementor-post-type=\"page\">\n\t\t\t\t\t\t<section class=\"elementor-section elementor-top-section elementor-element elementor-element-bcfcc51 elementor-section-full_width elementor-section-content-middle elementor-section-height-default elementor-section-height-default\" data-id=\"bcfcc51\" data-element_type=\"section\" data-e-type=\"section\" data-settings=\"{&quot;background_background&quot;:&quot;classic&quot;}\">\n\t\t\t\t\t\t<div class=\"elementor-container elementor-column-gap-default\">\n\t\t\t\t\t<div class=\"elementor-column elementor-col-50 elementor-top-column elementor-element elementor-element-1fbb854\" data-id=\"1fbb854\" data-element_type=\"column\" data-e-type=\"column\">\n\t\t\t<div class=\"elementor-widget-wrap elementor-element-populated\">\n\t\t\t\t\t\t<div class=\"elementor-element elementor-element-e94d28a elementor-widget elementor-widget-image\" data-id=\"e94d28a\" data-element_type=\"widget\" data-e-type=\"widget\" data-widget_type=\"image.default\">\n\t\t\t\t<div class=\"elementor-widget-container\">\n\t\t\t\t\t\t\t\t\t\t\t\t\t\t\t<img fetchpriority=\"high\" decoding=\"async\" width=\"800\" height=\"450\" src=\"https:\/\/holisticclinicspa.com\/wp-content\/uploads\/2023\/10\/plantilla16-1024x576.jpg\" class=\"attachment-large size-large wp-image-3348\" alt=\"\" srcset=\"https:\/\/holisticclinicspa.com\/wp-content\/uploads\/2023\/10\/plantilla16-1024x576.jpg 1024w, https:\/\/holisticclinicspa.com\/wp-content\/uploads\/2023\/10\/plantilla16-300x169.jpg 300w, https:\/\/holisticclinicspa.com\/wp-content\/uploads\/2023\/10\/plantilla16-768x432.jpg 768w, https:\/\/holisticclinicspa.com\/wp-content\/uploads\/2023\/10\/plantilla16-1536x864.jpg 1536w, https:\/\/holisticclinicspa.com\/wp-content\/uploads\/2023\/10\/plantilla16-18x10.jpg 18w, https:\/\/holisticclinicspa.com\/wp-content\/uploads\/2023\/10\/plantilla16.jpg 1920w\" sizes=\"(max-width: 800px) 100vw, 800px\" \/>\t\t\t\t\t\t\t\t\t\t\t\t\t\t\t<\/div>\n\t\t\t\t<\/div>\n\t\t\t\t\t<\/div>\n\t\t<\/div>\n\t\t\t\t<div class=\"elementor-column elementor-col-50 elementor-top-column elementor-element elementor-element-41c8274\" data-id=\"41c8274\" data-element_type=\"column\" data-e-type=\"column\" data-settings=\"{&quot;background_background&quot;:&quot;classic&quot;}\">\n\t\t\t<div class=\"elementor-widget-wrap elementor-element-populated\">\n\t\t\t\t\t\t<div class=\"elementor-element elementor-element-4a99d47 elementor-hidden-desktop elementor-widget elementor-widget-spacer\" data-id=\"4a99d47\" data-element_type=\"widget\" data-e-type=\"widget\" data-widget_type=\"spacer.default\">\n\t\t\t\t<div class=\"elementor-widget-container\">\n\t\t\t\t\t\t\t<div class=\"elementor-spacer\">\n\t\t\t<div class=\"elementor-spacer-inner\"><\/div>\n\t\t<\/div>\n\t\t\t\t\t\t<\/div>\n\t\t\t\t<\/div>\n\t\t\t\t<div class=\"elementor-element elementor-element-7227c89 elementor-widget elementor-widget-heading\" data-id=\"7227c89\" data-element_type=\"widget\" data-e-type=\"widget\" data-widget_type=\"heading.default\">\n\t\t\t\t<div class=\"elementor-widget-container\">\n\t\t\t\t\t<h2 class=\"elementor-heading-title elementor-size-default\">Temazcal<\/h2>\t\t\t\t<\/div>\n\t\t\t\t<\/div>\n\t\t\t\t<div class=\"elementor-element elementor-element-6189fed elementor-widget elementor-widget-text-editor\" data-id=\"6189fed\" data-element_type=\"widget\" data-e-type=\"widget\" data-widget_type=\"text-editor.default\">\n\t\t\t\t<div class=\"elementor-widget-container\">\n\t\t\t\t\t\t\t\t\t<p>The temazcal is a steam bath conducted in a structure made of clay, stone, or wood, heated with stones and medicinal herbs. During the session, water is sprayed onto the hot stones to create steam. Participants sit in a circle inside the temazcal, and the door is closed to maintain a warm and humid environment.\u00a0<\/p>\t\t\t\t\t\t\t\t<\/div>\n\t\t\t\t<\/div>\n\t\t\t\t<div class=\"elementor-element elementor-element-fb8c816 elementor-hidden-desktop elementor-widget elementor-widget-spacer\" data-id=\"fb8c816\" data-element_type=\"widget\" data-e-type=\"widget\" data-widget_type=\"spacer.default\">\n\t\t\t\t<div class=\"elementor-widget-container\">\n\t\t\t\t\t\t\t<div class=\"elementor-spacer\">\n\t\t\t<div class=\"elementor-spacer-inner\"><\/div>\n\t\t<\/div>\n\t\t\t\t\t\t<\/div>\n\t\t\t\t<\/div>\n\t\t\t\t\t<\/div>\n\t\t<\/div>\n\t\t\t\t\t<\/div>\n\t\t<\/section>\n\t\t\t\t<section class=\"elementor-section elementor-top-section elementor-element elementor-element-efceb28 elementor-section-boxed elementor-section-height-default elementor-section-height-default\" data-id=\"efceb28\" data-element_type=\"section\" data-e-type=\"section\">\n\t\t\t\t\t\t<div class=\"elementor-container elementor-column-gap-default\">\n\t\t\t\t\t<div class=\"elementor-column elementor-col-100 elementor-top-column elementor-element elementor-element-7b9e99d\" data-id=\"7b9e99d\" data-element_type=\"column\" data-e-type=\"column\">\n\t\t\t<div class=\"elementor-widget-wrap elementor-element-populated\">\n\t\t\t\t\t\t<div class=\"elementor-element elementor-element-cc79cd4 elementor-widget elementor-widget-spacer\" data-id=\"cc79cd4\" data-element_type=\"widget\" data-e-type=\"widget\" data-widget_type=\"spacer.default\">\n\t\t\t\t<div class=\"elementor-widget-container\">\n\t\t\t\t\t\t\t<div class=\"elementor-spacer\">\n\t\t\t<div class=\"elementor-spacer-inner\"><\/div>\n\t\t<\/div>\n\t\t\t\t\t\t<\/div>\n\t\t\t\t<\/div>\n\t\t\t\t<div class=\"elementor-element elementor-element-d387a4a elementor-widget elementor-widget-heading\" data-id=\"d387a4a\" data-element_type=\"widget\" data-e-type=\"widget\" data-widget_type=\"heading.default\">\n\t\t\t\t<div class=\"elementor-widget-container\">\n\t\t\t\t\t<h2 class=\"elementor-heading-title elementor-size-default\">Effects and Benefits<\/h2>\t\t\t\t<\/div>\n\t\t\t\t<\/div>\n\t\t\t\t<section class=\"elementor-section elementor-inner-section elementor-element elementor-element-eb2bd4a elementor-section-boxed elementor-section-height-default elementor-section-height-default\" data-id=\"eb2bd4a\" data-element_type=\"section\" data-e-type=\"section\">\n\t\t\t\t\t\t<div class=\"elementor-container elementor-column-gap-default\">\n\t\t\t\t\t<div class=\"elementor-column elementor-col-50 elementor-inner-column elementor-element elementor-element-92de519\" data-id=\"92de519\" data-element_type=\"column\" data-e-type=\"column\">\n\t\t\t<div class=\"elementor-widget-wrap elementor-element-populated\">\n\t\t\t\t\t\t<div class=\"elementor-element elementor-element-3bec115 elementor-widget__width-initial elementor-widget elementor-widget-image\" data-id=\"3bec115\" data-element_type=\"widget\" data-e-type=\"widget\" data-widget_type=\"image.default\">\n\t\t\t\t<div class=\"elementor-widget-container\">\n\t\t\t\t\t\t\t\t\t\t\t\t\t\t\t<img decoding=\"async\" width=\"512\" height=\"512\" src=\"https:\/\/holisticclinicspa.com\/wp-content\/uploads\/2023\/08\/cropped-holistics-hoja.png\" class=\"attachment-large size-large wp-image-229\" alt=\"\" srcset=\"https:\/\/holisticclinicspa.com\/wp-content\/uploads\/2023\/08\/cropped-holistics-hoja.png 512w, https:\/\/holisticclinicspa.com\/wp-content\/uploads\/2023\/08\/cropped-holistics-hoja-300x300.png 300w, https:\/\/holisticclinicspa.com\/wp-content\/uploads\/2023\/08\/cropped-holistics-hoja-150x150.png 150w, https:\/\/holisticclinicspa.com\/wp-content\/uploads\/2023\/08\/cropped-holistics-hoja-270x270.png 270w, https:\/\/holisticclinicspa.com\/wp-content\/uploads\/2023\/08\/cropped-holistics-hoja-192x192.png 192w, https:\/\/holisticclinicspa.com\/wp-content\/uploads\/2023\/08\/cropped-holistics-hoja-180x180.png 180w, https:\/\/holisticclinicspa.com\/wp-content\/uploads\/2023\/08\/cropped-holistics-hoja-32x32.png 32w\" sizes=\"(max-width: 512px) 100vw, 512px\" \/>\t\t\t\t\t\t\t\t\t\t\t\t\t\t\t<\/div>\n\t\t\t\t<\/div>\n\t\t\t\t<div class=\"elementor-element elementor-element-3edcd68 elementor-widget__width-initial elementor-widget elementor-widget-text-editor\" data-id=\"3edcd68\" data-element_type=\"widget\" data-e-type=\"widget\" data-widget_type=\"text-editor.default\">\n\t\t\t\t<div class=\"elementor-widget-container\">\n\t\t\t\t\t\t\t\t\t<p>Relaxing and soothing effect to reduce stress and anxiety<\/p>\t\t\t\t\t\t\t\t<\/div>\n\t\t\t\t<\/div>\n\t\t\t\t<div class=\"elementor-element elementor-element-8ac5031 elementor-widget__width-initial elementor-widget elementor-widget-image\" data-id=\"8ac5031\" data-element_type=\"widget\" data-e-type=\"widget\" data-widget_type=\"image.default\">\n\t\t\t\t<div class=\"elementor-widget-container\">\n\t\t\t\t\t\t\t\t\t\t\t\t\t\t\t<img decoding=\"async\" width=\"512\" height=\"512\" src=\"https:\/\/holisticclinicspa.com\/wp-content\/uploads\/2023\/08\/cropped-holistics-hoja.png\" class=\"attachment-large size-large wp-image-229\" alt=\"\" srcset=\"https:\/\/holisticclinicspa.com\/wp-content\/uploads\/2023\/08\/cropped-holistics-hoja.png 512w, https:\/\/holisticclinicspa.com\/wp-content\/uploads\/2023\/08\/cropped-holistics-hoja-300x300.png 300w, https:\/\/holisticclinicspa.com\/wp-content\/uploads\/2023\/08\/cropped-holistics-hoja-150x150.png 150w, https:\/\/holisticclinicspa.com\/wp-content\/uploads\/2023\/08\/cropped-holistics-hoja-270x270.png 270w, https:\/\/holisticclinicspa.com\/wp-content\/uploads\/2023\/08\/cropped-holistics-hoja-192x192.png 192w, https:\/\/holisticclinicspa.com\/wp-content\/uploads\/2023\/08\/cropped-holistics-hoja-180x180.png 180w, https:\/\/holisticclinicspa.com\/wp-content\/uploads\/2023\/08\/cropped-holistics-hoja-32x32.png 32w\" sizes=\"(max-width: 512px) 100vw, 512px\" \/>\t\t\t\t\t\t\t\t\t\t\t\t\t\t\t<\/div>\n\t\t\t\t<\/div>\n\t\t\t\t<div class=\"elementor-element elementor-element-afbb603 elementor-widget__width-initial elementor-widget elementor-widget-text-editor\" data-id=\"afbb603\" data-element_type=\"widget\" data-e-type=\"widget\" data-widget_type=\"text-editor.default\">\n\t\t\t\t<div class=\"elementor-widget-container\">\n\t\t\t\t\t\t\t\t\t<p>Relief from muscle and joint pain, especially in cases of arthritis<\/p>\t\t\t\t\t\t\t\t<\/div>\n\t\t\t\t<\/div>\n\t\t\t\t<div class=\"elementor-element elementor-element-ce02c1c elementor-widget__width-initial elementor-widget elementor-widget-image\" data-id=\"ce02c1c\" data-element_type=\"widget\" data-e-type=\"widget\" data-widget_type=\"image.default\">\n\t\t\t\t<div class=\"elementor-widget-container\">\n\t\t\t\t\t\t\t\t\t\t\t\t\t\t\t<img decoding=\"async\" width=\"512\" height=\"512\" src=\"https:\/\/holisticclinicspa.com\/wp-content\/uploads\/2023\/08\/cropped-holistics-hoja.png\" class=\"attachment-large size-large wp-image-229\" alt=\"\" srcset=\"https:\/\/holisticclinicspa.com\/wp-content\/uploads\/2023\/08\/cropped-holistics-hoja.png 512w, https:\/\/holisticclinicspa.com\/wp-content\/uploads\/2023\/08\/cropped-holistics-hoja-300x300.png 300w, https:\/\/holisticclinicspa.com\/wp-content\/uploads\/2023\/08\/cropped-holistics-hoja-150x150.png 150w, https:\/\/holisticclinicspa.com\/wp-content\/uploads\/2023\/08\/cropped-holistics-hoja-270x270.png 270w, https:\/\/holisticclinicspa.com\/wp-content\/uploads\/2023\/08\/cropped-holistics-hoja-192x192.png 192w, https:\/\/holisticclinicspa.com\/wp-content\/uploads\/2023\/08\/cropped-holistics-hoja-180x180.png 180w, https:\/\/holisticclinicspa.com\/wp-content\/uploads\/2023\/08\/cropped-holistics-hoja-32x32.png 32w\" sizes=\"(max-width: 512px) 100vw, 512px\" \/>\t\t\t\t\t\t\t\t\t\t\t\t\t\t\t<\/div>\n\t\t\t\t<\/div>\n\t\t\t\t<div class=\"elementor-element elementor-element-d5eddcc elementor-widget__width-initial elementor-widget elementor-widget-text-editor\" data-id=\"d5eddcc\" data-element_type=\"widget\" data-e-type=\"widget\" data-widget_type=\"text-editor.default\">\n\t\t\t\t<div class=\"elementor-widget-container\">\n\t\t\t\t\t\t\t\t\t<p>Improvement of digestion by increasing the production of digestive enzymes.<\/p>\t\t\t\t\t\t\t\t<\/div>\n\t\t\t\t<\/div>\n\t\t\t\t<div class=\"elementor-element elementor-element-0e6fd5c elementor-widget__width-initial elementor-widget elementor-widget-image\" data-id=\"0e6fd5c\" data-element_type=\"widget\" data-e-type=\"widget\" data-widget_type=\"image.default\">\n\t\t\t\t<div class=\"elementor-widget-container\">\n\t\t\t\t\t\t\t\t\t\t\t\t\t\t\t<img decoding=\"async\" width=\"512\" height=\"512\" src=\"https:\/\/holisticclinicspa.com\/wp-content\/uploads\/2023\/08\/cropped-holistics-hoja.png\" class=\"attachment-large size-large wp-image-229\" alt=\"\" srcset=\"https:\/\/holisticclinicspa.com\/wp-content\/uploads\/2023\/08\/cropped-holistics-hoja.png 512w, https:\/\/holisticclinicspa.com\/wp-content\/uploads\/2023\/08\/cropped-holistics-hoja-300x300.png 300w, https:\/\/holisticclinicspa.com\/wp-content\/uploads\/2023\/08\/cropped-holistics-hoja-150x150.png 150w, https:\/\/holisticclinicspa.com\/wp-content\/uploads\/2023\/08\/cropped-holistics-hoja-270x270.png 270w, https:\/\/holisticclinicspa.com\/wp-content\/uploads\/2023\/08\/cropped-holistics-hoja-192x192.png 192w, https:\/\/holisticclinicspa.com\/wp-content\/uploads\/2023\/08\/cropped-holistics-hoja-180x180.png 180w, https:\/\/holisticclinicspa.com\/wp-content\/uploads\/2023\/08\/cropped-holistics-hoja-32x32.png 32w\" sizes=\"(max-width: 512px) 100vw, 512px\" \/>\t\t\t\t\t\t\t\t\t\t\t\t\t\t\t<\/div>\n\t\t\t\t<\/div>\n\t\t\t\t<div class=\"elementor-element elementor-element-cd3296b elementor-widget__width-initial elementor-widget elementor-widget-text-editor\" data-id=\"cd3296b\" data-element_type=\"widget\" data-e-type=\"widget\" data-widget_type=\"text-editor.default\">\n\t\t\t\t<div class=\"elementor-widget-container\">\n\t\t\t\t\t\t\t\t\t<p>Strengthening of the immune system<\/p>\t\t\t\t\t\t\t\t<\/div>\n\t\t\t\t<\/div>\n\t\t\t\t\t<\/div>\n\t\t<\/div>\n\t\t\t\t<div class=\"elementor-column elementor-col-50 elementor-inner-column elementor-element elementor-element-24ce7b0\" data-id=\"24ce7b0\" data-element_type=\"column\" data-e-type=\"column\">\n\t\t\t<div class=\"elementor-widget-wrap elementor-element-populated\">\n\t\t\t\t\t\t<div class=\"elementor-element elementor-element-e86b6ca elementor-widget__width-initial elementor-widget elementor-widget-image\" data-id=\"e86b6ca\" data-element_type=\"widget\" data-e-type=\"widget\" data-widget_type=\"image.default\">\n\t\t\t\t<div class=\"elementor-widget-container\">\n\t\t\t\t\t\t\t\t\t\t\t\t\t\t\t<img decoding=\"async\" width=\"512\" height=\"512\" src=\"https:\/\/holisticclinicspa.com\/wp-content\/uploads\/2023\/08\/cropped-holistics-hoja.png\" class=\"attachment-large size-large wp-image-229\" alt=\"\" srcset=\"https:\/\/holisticclinicspa.com\/wp-content\/uploads\/2023\/08\/cropped-holistics-hoja.png 512w, https:\/\/holisticclinicspa.com\/wp-content\/uploads\/2023\/08\/cropped-holistics-hoja-300x300.png 300w, https:\/\/holisticclinicspa.com\/wp-content\/uploads\/2023\/08\/cropped-holistics-hoja-150x150.png 150w, https:\/\/holisticclinicspa.com\/wp-content\/uploads\/2023\/08\/cropped-holistics-hoja-270x270.png 270w, https:\/\/holisticclinicspa.com\/wp-content\/uploads\/2023\/08\/cropped-holistics-hoja-192x192.png 192w, https:\/\/holisticclinicspa.com\/wp-content\/uploads\/2023\/08\/cropped-holistics-hoja-180x180.png 180w, https:\/\/holisticclinicspa.com\/wp-content\/uploads\/2023\/08\/cropped-holistics-hoja-32x32.png 32w\" sizes=\"(max-width: 512px) 100vw, 512px\" \/>\t\t\t\t\t\t\t\t\t\t\t\t\t\t\t<\/div>\n\t\t\t\t<\/div>\n\t\t\t\t<div class=\"elementor-element elementor-element-1d13f96 elementor-widget__width-initial elementor-widget elementor-widget-text-editor\" data-id=\"1d13f96\" data-element_type=\"widget\" data-e-type=\"widget\" data-widget_type=\"text-editor.default\">\n\t\t\t\t<div class=\"elementor-widget-container\">\n\t\t\t\t\t\t\t\t\t<p>Elimination of toxins and cleansing of skin pores<\/p>\t\t\t\t\t\t\t\t<\/div>\n\t\t\t\t<\/div>\n\t\t\t\t<div class=\"elementor-element elementor-element-342d033 elementor-widget__width-initial elementor-widget elementor-widget-image\" data-id=\"342d033\" data-element_type=\"widget\" data-e-type=\"widget\" data-widget_type=\"image.default\">\n\t\t\t\t<div class=\"elementor-widget-container\">\n\t\t\t\t\t\t\t\t\t\t\t\t\t\t\t<img decoding=\"async\" width=\"512\" height=\"512\" src=\"https:\/\/holisticclinicspa.com\/wp-content\/uploads\/2023\/08\/cropped-holistics-hoja.png\" class=\"attachment-large size-large wp-image-229\" alt=\"\" srcset=\"https:\/\/holisticclinicspa.com\/wp-content\/uploads\/2023\/08\/cropped-holistics-hoja.png 512w, https:\/\/holisticclinicspa.com\/wp-content\/uploads\/2023\/08\/cropped-holistics-hoja-300x300.png 300w, https:\/\/holisticclinicspa.com\/wp-content\/uploads\/2023\/08\/cropped-holistics-hoja-150x150.png 150w, https:\/\/holisticclinicspa.com\/wp-content\/uploads\/2023\/08\/cropped-holistics-hoja-270x270.png 270w, https:\/\/holisticclinicspa.com\/wp-content\/uploads\/2023\/08\/cropped-holistics-hoja-192x192.png 192w, https:\/\/holisticclinicspa.com\/wp-content\/uploads\/2023\/08\/cropped-holistics-hoja-180x180.png 180w, https:\/\/holisticclinicspa.com\/wp-content\/uploads\/2023\/08\/cropped-holistics-hoja-32x32.png 32w\" sizes=\"(max-width: 512px) 100vw, 512px\" \/>\t\t\t\t\t\t\t\t\t\t\t\t\t\t\t<\/div>\n\t\t\t\t<\/div>\n\t\t\t\t<div class=\"elementor-element elementor-element-4694f6a elementor-widget__width-initial elementor-widget elementor-widget-text-editor\" data-id=\"4694f6a\" data-element_type=\"widget\" data-e-type=\"widget\" data-widget_type=\"text-editor.default\">\n\t\t\t\t<div class=\"elementor-widget-container\">\n\t\t\t\t\t\t\t\t\t<p>Reduction of inflammation in chronic diseases<\/p>\t\t\t\t\t\t\t\t<\/div>\n\t\t\t\t<\/div>\n\t\t\t\t<div class=\"elementor-element elementor-element-9203aa9 elementor-widget__width-initial elementor-widget elementor-widget-image\" data-id=\"9203aa9\" data-element_type=\"widget\" data-e-type=\"widget\" data-widget_type=\"image.default\">\n\t\t\t\t<div class=\"elementor-widget-container\">\n\t\t\t\t\t\t\t\t\t\t\t\t\t\t\t<img decoding=\"async\" width=\"512\" height=\"512\" src=\"https:\/\/holisticclinicspa.com\/wp-content\/uploads\/2023\/08\/cropped-holistics-hoja.png\" class=\"attachment-large size-large wp-image-229\" alt=\"\" srcset=\"https:\/\/holisticclinicspa.com\/wp-content\/uploads\/2023\/08\/cropped-holistics-hoja.png 512w, https:\/\/holisticclinicspa.com\/wp-content\/uploads\/2023\/08\/cropped-holistics-hoja-300x300.png 300w, https:\/\/holisticclinicspa.com\/wp-content\/uploads\/2023\/08\/cropped-holistics-hoja-150x150.png 150w, https:\/\/holisticclinicspa.com\/wp-content\/uploads\/2023\/08\/cropped-holistics-hoja-270x270.png 270w, https:\/\/holisticclinicspa.com\/wp-content\/uploads\/2023\/08\/cropped-holistics-hoja-192x192.png 192w, https:\/\/holisticclinicspa.com\/wp-content\/uploads\/2023\/08\/cropped-holistics-hoja-180x180.png 180w, https:\/\/holisticclinicspa.com\/wp-content\/uploads\/2023\/08\/cropped-holistics-hoja-32x32.png 32w\" sizes=\"(max-width: 512px) 100vw, 512px\" \/>\t\t\t\t\t\t\t\t\t\t\t\t\t\t\t<\/div>\n\t\t\t\t<\/div>\n\t\t\t\t<div class=\"elementor-element elementor-element-09742f2 elementor-widget__width-initial elementor-widget elementor-widget-text-editor\" data-id=\"09742f2\" data-element_type=\"widget\" data-e-type=\"widget\" data-widget_type=\"text-editor.default\">\n\t\t\t\t<div class=\"elementor-widget-container\">\n\t\t\t\t\t\t\t\t\t<p>Improved respiratory health<\/p>\t\t\t\t\t\t\t\t<\/div>\n\t\t\t\t<\/div>\n\t\t\t\t<div class=\"elementor-element elementor-element-c192bc8 elementor-widget__width-initial elementor-widget elementor-widget-image\" data-id=\"c192bc8\" data-element_type=\"widget\" data-e-type=\"widget\" data-widget_type=\"image.default\">\n\t\t\t\t<div class=\"elementor-widget-container\">\n\t\t\t\t\t\t\t\t\t\t\t\t\t\t\t<img decoding=\"async\" width=\"512\" height=\"512\" src=\"https:\/\/holisticclinicspa.com\/wp-content\/uploads\/2023\/08\/cropped-holistics-hoja.png\" class=\"attachment-large size-large wp-image-229\" alt=\"\" srcset=\"https:\/\/holisticclinicspa.com\/wp-content\/uploads\/2023\/08\/cropped-holistics-hoja.png 512w, https:\/\/holisticclinicspa.com\/wp-content\/uploads\/2023\/08\/cropped-holistics-hoja-300x300.png 300w, https:\/\/holisticclinicspa.com\/wp-content\/uploads\/2023\/08\/cropped-holistics-hoja-150x150.png 150w, https:\/\/holisticclinicspa.com\/wp-content\/uploads\/2023\/08\/cropped-holistics-hoja-270x270.png 270w, https:\/\/holisticclinicspa.com\/wp-content\/uploads\/2023\/08\/cropped-holistics-hoja-192x192.png 192w, https:\/\/holisticclinicspa.com\/wp-content\/uploads\/2023\/08\/cropped-holistics-hoja-180x180.png 180w, https:\/\/holisticclinicspa.com\/wp-content\/uploads\/2023\/08\/cropped-holistics-hoja-32x32.png 32w\" sizes=\"(max-width: 512px) 100vw, 512px\" \/>\t\t\t\t\t\t\t\t\t\t\t\t\t\t\t<\/div>\n\t\t\t\t<\/div>\n\t\t\t\t<div class=\"elementor-element elementor-element-5d36b1a elementor-widget__width-initial elementor-widget elementor-widget-text-editor\" data-id=\"5d36b1a\" data-element_type=\"widget\" data-e-type=\"widget\" data-widget_type=\"text-editor.default\">\n\t\t\t\t<div class=\"elementor-widget-container\">\n\t\t\t\t\t\t\t\t\t<p>Increased blood circulation<\/p>\t\t\t\t\t\t\t\t<\/div>\n\t\t\t\t<\/div>\n\t\t\t\t\t<\/div>\n\t\t<\/div>\n\t\t\t\t\t<\/div>\n\t\t<\/section>\n\t\t\t\t<div class=\"elementor-element elementor-element-e4c5f04 elementor-widget elementor-widget-spacer\" data-id=\"e4c5f04\" data-element_type=\"widget\" data-e-type=\"widget\" data-widget_type=\"spacer.default\">\n\t\t\t\t<div class=\"elementor-widget-container\">\n\t\t\t\t\t\t\t<div class=\"elementor-spacer\">\n\t\t\t<div class=\"elementor-spacer-inner\"><\/div>\n\t\t<\/div>\n\t\t\t\t\t\t<\/div>\n\t\t\t\t<\/div>\n\t\t\t\t\t<\/div>\n\t\t<\/div>\n\t\t\t\t\t<\/div>\n\t\t<\/section>\n\t\t\t\t<section class=\"elementor-section elementor-top-section elementor-element elementor-element-949b358 elementor-section-boxed elementor-section-height-default elementor-section-height-default\" data-id=\"949b358\" data-element_type=\"section\" data-e-type=\"section\" data-settings=\"{&quot;background_background&quot;:&quot;gradient&quot;}\">\n\t\t\t\t\t\t<div class=\"elementor-container elementor-column-gap-default\">\n\t\t\t\t\t<div class=\"elementor-column elementor-col-100 elementor-top-column elementor-element elementor-element-4249b4f\" data-id=\"4249b4f\" data-element_type=\"column\" data-e-type=\"column\">\n\t\t\t<div class=\"elementor-widget-wrap elementor-element-populated\">\n\t\t\t\t\t\t<section class=\"elementor-section elementor-inner-section elementor-element elementor-element-fdc636a elementor-section-boxed elementor-section-height-default elementor-section-height-default\" data-id=\"fdc636a\" data-element_type=\"section\" data-e-type=\"section\">\n\t\t\t\t\t\t<div class=\"elementor-container elementor-column-gap-default\">\n\t\t\t\t\t<div class=\"elementor-column elementor-col-100 elementor-inner-column elementor-element elementor-element-deb4af4\" data-id=\"deb4af4\" data-element_type=\"column\" data-e-type=\"column\">\n\t\t\t<div class=\"elementor-widget-wrap elementor-element-populated\">\n\t\t\t\t\t\t<div class=\"elementor-element elementor-element-9d269cf elementor-widget elementor-widget-heading\" data-id=\"9d269cf\" data-element_type=\"widget\" data-e-type=\"widget\" data-widget_type=\"heading.default\">\n\t\t\t\t<div class=\"elementor-widget-container\">\n\t\t\t\t\t<h2 class=\"elementor-heading-title elementor-size-default\">The objetive of the therapy<\/h2>\t\t\t\t<\/div>\n\t\t\t\t<\/div>\n\t\t\t\t<div class=\"elementor-element elementor-element-8fc9f11 elementor-widget elementor-widget-text-editor\" data-id=\"8fc9f11\" data-element_type=\"widget\" data-e-type=\"widget\" data-widget_type=\"text-editor.default\">\n\t\t\t\t<div class=\"elementor-widget-container\">\n\t\t\t\t\t\t\t\t\t<p>Temazcal opens the pores of the skin, allowing the elimination of toxins through sweat. In addition, the inhaled steam helps to decongest the airways. The therapy provides relaxing effects, reducing stress and anxiety. It has also been associated with cardiovascular, digestive, immune and inflammatory health benefits, according to some studies.<\/p>\t\t\t\t\t\t\t\t<\/div>\n\t\t\t\t<\/div>\n\t\t\t\t\t<\/div>\n\t\t<\/div>\n\t\t\t\t\t<\/div>\n\t\t<\/section>\n\t\t\t\t\t<\/div>\n\t\t<\/div>\n\t\t\t\t\t<\/div>\n\t\t<\/section>\n\t\t\t\t<section class=\"elementor-section elementor-top-section elementor-element elementor-element-f021cb4 elementor-section-boxed elementor-section-height-default elementor-section-height-default\" data-id=\"f021cb4\" data-element_type=\"section\" data-e-type=\"section\">\n\t\t\t\t\t\t<div class=\"elementor-container elementor-column-gap-default\">\n\t\t\t\t\t<div class=\"elementor-column elementor-col-100 elementor-top-column elementor-element elementor-element-47123fe\" data-id=\"47123fe\" data-element_type=\"column\" data-e-type=\"column\">\n\t\t\t<div class=\"elementor-widget-wrap elementor-element-populated\">\n\t\t\t\t\t\t<div class=\"elementor-element elementor-element-23e55d4 elementor-widget elementor-widget-spacer\" data-id=\"23e55d4\" data-element_type=\"widget\" data-e-type=\"widget\" data-widget_type=\"spacer.default\">\n\t\t\t\t<div class=\"elementor-widget-container\">\n\t\t\t\t\t\t\t<div class=\"elementor-spacer\">\n\t\t\t<div class=\"elementor-spacer-inner\"><\/div>\n\t\t<\/div>\n\t\t\t\t\t\t<\/div>\n\t\t\t\t<\/div>\n\t\t\t\t\t<\/div>\n\t\t<\/div>\n\t\t\t\t\t<\/div>\n\t\t<\/section>\n\t\t\t\t<\/div>","protected":false},"excerpt":{"rendered":"<p>Temazcal El temazcal es un ba\u00f1o de vapor realizado en una estructura de barro, piedra o madera, calentada con piedras y hierbas medicinales. Durante la sesi\u00f3n, se roc\u00eda agua sobre las piedras calientes para crear vapor. Los participantes se sientan en c\u00edrculo dentro del temazcal, y la puerta se cierra para mantener el ambiente c\u00e1lido [&hellip;]<\/p>\n","protected":false},"author":1,"featured_media":0,"parent":0,"menu_order":0,"comment_status":"closed","ping_status":"closed","template":"","meta":{"_monsterinsights_skip_tracking":false,"_monsterinsights_sitenote_active":false,"_monsterinsights_sitenote_note":"","_monsterinsights_sitenote_category":0,"footnotes":""},"class_list":["post-2382","page","type-page","status-publish","hentry"],"aioseo_notices":[],"_links":{"self":[{"href":"https:\/\/holisticclinicspa.com\/en\/wp-json\/wp\/v2\/pages\/2382","targetHints":{"allow":["GET"]}}],"collection":[{"href":"https:\/\/holisticclinicspa.com\/en\/wp-json\/wp\/v2\/pages"}],"about":[{"href":"https:\/\/holisticclinicspa.com\/en\/wp-json\/wp\/v2\/types\/page"}],"author":[{"embeddable":true,"href":"https:\/\/holisticclinicspa.com\/en\/wp-json\/wp\/v2\/users\/1"}],"replies":[{"embeddable":true,"href":"https:\/\/holisticclinicspa.com\/en\/wp-json\/wp\/v2\/comments?post=2382"}],"version-history":[{"count":13,"href":"https:\/\/holisticclinicspa.com\/en\/wp-json\/wp\/v2\/pages\/2382\/revisions"}],"predecessor-version":[{"id":3354,"href":"https:\/\/holisticclinicspa.com\/en\/wp-json\/wp\/v2\/pages\/2382\/revisions\/3354"}],"wp:attachment":[{"href":"https:\/\/holisticclinicspa.com\/en\/wp-json\/wp\/v2\/media?parent=2382"}],"curies":[{"name":"wp","href":"https:\/\/api.w.org\/{rel}","templated":true}]}}