{"id":3431,"date":"2023-10-23T19:22:42","date_gmt":"2023-10-23T19:22:42","guid":{"rendered":"https:\/\/holisticclinicspa.com\/?page_id=3431"},"modified":"2026-01-27T23:54:09","modified_gmt":"2026-01-27T23:54:09","slug":"cocarboxilasa-2","status":"publish","type":"page","link":"https:\/\/holisticclinicspa.com\/en\/cocarboxilasa-2\/","title":{"rendered":"Cocarboxylase"},"content":{"rendered":"<div data-elementor-type=\"wp-page\" data-elementor-id=\"3431\" class=\"elementor elementor-3431\" data-elementor-post-type=\"page\">\n\t\t\t\t\t\t<section class=\"elementor-section elementor-top-section elementor-element elementor-element-bcfcc51 elementor-section-full_width elementor-section-content-middle elementor-section-height-default elementor-section-height-default\" data-id=\"bcfcc51\" data-element_type=\"section\" data-e-type=\"section\" data-settings=\"{&quot;background_background&quot;:&quot;classic&quot;}\">\n\t\t\t\t\t\t<div class=\"elementor-container elementor-column-gap-default\">\n\t\t\t\t\t<div class=\"elementor-column elementor-col-50 elementor-top-column elementor-element elementor-element-1fbb854\" data-id=\"1fbb854\" data-element_type=\"column\" data-e-type=\"column\">\n\t\t\t<div class=\"elementor-widget-wrap elementor-element-populated\">\n\t\t\t\t\t\t<div class=\"elementor-element elementor-element-e94d28a elementor-widget elementor-widget-image\" data-id=\"e94d28a\" data-element_type=\"widget\" data-e-type=\"widget\" data-widget_type=\"image.default\">\n\t\t\t\t<div class=\"elementor-widget-container\">\n\t\t\t\t\t\t\t\t\t\t\t\t\t\t\t<img fetchpriority=\"high\" decoding=\"async\" width=\"800\" height=\"450\" src=\"https:\/\/holisticclinicspa.com\/wp-content\/uploads\/2023\/10\/plantilla20-1024x576.jpg\" class=\"attachment-large size-large wp-image-3369\" alt=\"\" srcset=\"https:\/\/holisticclinicspa.com\/wp-content\/uploads\/2023\/10\/plantilla20-1024x576.jpg 1024w, https:\/\/holisticclinicspa.com\/wp-content\/uploads\/2023\/10\/plantilla20-300x169.jpg 300w, https:\/\/holisticclinicspa.com\/wp-content\/uploads\/2023\/10\/plantilla20-768x432.jpg 768w, https:\/\/holisticclinicspa.com\/wp-content\/uploads\/2023\/10\/plantilla20-1536x864.jpg 1536w, https:\/\/holisticclinicspa.com\/wp-content\/uploads\/2023\/10\/plantilla20-18x10.jpg 18w, https:\/\/holisticclinicspa.com\/wp-content\/uploads\/2023\/10\/plantilla20.jpg 1920w\" sizes=\"(max-width: 800px) 100vw, 800px\" \/>\t\t\t\t\t\t\t\t\t\t\t\t\t\t\t<\/div>\n\t\t\t\t<\/div>\n\t\t\t\t\t<\/div>\n\t\t<\/div>\n\t\t\t\t<div class=\"elementor-column elementor-col-50 elementor-top-column elementor-element elementor-element-41c8274\" data-id=\"41c8274\" data-element_type=\"column\" data-e-type=\"column\" data-settings=\"{&quot;background_background&quot;:&quot;classic&quot;}\">\n\t\t\t<div class=\"elementor-widget-wrap elementor-element-populated\">\n\t\t\t\t\t\t<div class=\"elementor-element elementor-element-a7d28d1 elementor-hidden-desktop elementor-widget elementor-widget-spacer\" data-id=\"a7d28d1\" data-element_type=\"widget\" data-e-type=\"widget\" data-widget_type=\"spacer.default\">\n\t\t\t\t<div class=\"elementor-widget-container\">\n\t\t\t\t\t\t\t<div class=\"elementor-spacer\">\n\t\t\t<div class=\"elementor-spacer-inner\"><\/div>\n\t\t<\/div>\n\t\t\t\t\t\t<\/div>\n\t\t\t\t<\/div>\n\t\t\t\t<div class=\"elementor-element elementor-element-7227c89 elementor-widget elementor-widget-heading\" data-id=\"7227c89\" data-element_type=\"widget\" data-e-type=\"widget\" data-widget_type=\"heading.default\">\n\t\t\t\t<div class=\"elementor-widget-container\">\n\t\t\t\t\t<h2 class=\"elementor-heading-title elementor-size-default\">Suerotherapy: Cocarboxylase<\/h2>\t\t\t\t<\/div>\n\t\t\t\t<\/div>\n\t\t\t\t<div class=\"elementor-element elementor-element-6189fed elementor-widget elementor-widget-text-editor\" data-id=\"6189fed\" data-element_type=\"widget\" data-e-type=\"widget\" data-widget_type=\"text-editor.default\">\n\t\t\t\t<div class=\"elementor-widget-container\">\n\t\t\t\t\t\t\t\t\t<p>Dripping of cocarboxylase, an active form of vitamin B1, may offer several benefits:<\/p>\t\t\t\t\t\t\t\t<\/div>\n\t\t\t\t<\/div>\n\t\t\t\t<div class=\"elementor-element elementor-element-c99ef65 elementor-hidden-desktop elementor-widget elementor-widget-spacer\" data-id=\"c99ef65\" data-element_type=\"widget\" data-e-type=\"widget\" data-widget_type=\"spacer.default\">\n\t\t\t\t<div class=\"elementor-widget-container\">\n\t\t\t\t\t\t\t<div class=\"elementor-spacer\">\n\t\t\t<div class=\"elementor-spacer-inner\"><\/div>\n\t\t<\/div>\n\t\t\t\t\t\t<\/div>\n\t\t\t\t<\/div>\n\t\t\t\t\t<\/div>\n\t\t<\/div>\n\t\t\t\t\t<\/div>\n\t\t<\/section>\n\t\t\t\t<section class=\"elementor-section elementor-top-section elementor-element elementor-element-efceb28 elementor-section-boxed elementor-section-height-default elementor-section-height-default\" data-id=\"efceb28\" data-element_type=\"section\" data-e-type=\"section\">\n\t\t\t\t\t\t<div class=\"elementor-container elementor-column-gap-default\">\n\t\t\t\t\t<div class=\"elementor-column elementor-col-100 elementor-top-column elementor-element elementor-element-7b9e99d\" data-id=\"7b9e99d\" data-element_type=\"column\" data-e-type=\"column\">\n\t\t\t<div class=\"elementor-widget-wrap elementor-element-populated\">\n\t\t\t\t\t\t<div class=\"elementor-element elementor-element-cc79cd4 elementor-widget elementor-widget-spacer\" data-id=\"cc79cd4\" data-element_type=\"widget\" data-e-type=\"widget\" data-widget_type=\"spacer.default\">\n\t\t\t\t<div class=\"elementor-widget-container\">\n\t\t\t\t\t\t\t<div class=\"elementor-spacer\">\n\t\t\t<div class=\"elementor-spacer-inner\"><\/div>\n\t\t<\/div>\n\t\t\t\t\t\t<\/div>\n\t\t\t\t<\/div>\n\t\t\t\t<div class=\"elementor-element elementor-element-d387a4a elementor-widget elementor-widget-heading\" data-id=\"d387a4a\" data-element_type=\"widget\" data-e-type=\"widget\" data-widget_type=\"heading.default\">\n\t\t\t\t<div class=\"elementor-widget-container\">\n\t\t\t\t\t<h2 class=\"elementor-heading-title elementor-size-default\">Effects and Benefits<\/h2>\t\t\t\t<\/div>\n\t\t\t\t<\/div>\n\t\t\t\t<section class=\"elementor-section elementor-inner-section elementor-element elementor-element-982a577 elementor-section-boxed elementor-section-height-default elementor-section-height-default\" data-id=\"982a577\" data-element_type=\"section\" data-e-type=\"section\">\n\t\t\t\t\t\t<div class=\"elementor-container elementor-column-gap-default\">\n\t\t\t\t\t<div class=\"elementor-column elementor-col-50 elementor-inner-column elementor-element elementor-element-8a7113e\" data-id=\"8a7113e\" data-element_type=\"column\" data-e-type=\"column\">\n\t\t\t<div class=\"elementor-widget-wrap elementor-element-populated\">\n\t\t\t\t\t\t<div class=\"elementor-element elementor-element-c0f3bba elementor-widget__width-initial elementor-widget elementor-widget-image\" data-id=\"c0f3bba\" data-element_type=\"widget\" data-e-type=\"widget\" data-widget_type=\"image.default\">\n\t\t\t\t<div class=\"elementor-widget-container\">\n\t\t\t\t\t\t\t\t\t\t\t\t\t\t\t<img decoding=\"async\" width=\"512\" height=\"512\" src=\"https:\/\/holisticclinicspa.com\/wp-content\/uploads\/2023\/08\/cropped-holistics-hoja.png\" class=\"attachment-large size-large wp-image-229\" alt=\"\" srcset=\"https:\/\/holisticclinicspa.com\/wp-content\/uploads\/2023\/08\/cropped-holistics-hoja.png 512w, https:\/\/holisticclinicspa.com\/wp-content\/uploads\/2023\/08\/cropped-holistics-hoja-300x300.png 300w, https:\/\/holisticclinicspa.com\/wp-content\/uploads\/2023\/08\/cropped-holistics-hoja-150x150.png 150w, https:\/\/holisticclinicspa.com\/wp-content\/uploads\/2023\/08\/cropped-holistics-hoja-270x270.png 270w, https:\/\/holisticclinicspa.com\/wp-content\/uploads\/2023\/08\/cropped-holistics-hoja-192x192.png 192w, https:\/\/holisticclinicspa.com\/wp-content\/uploads\/2023\/08\/cropped-holistics-hoja-180x180.png 180w, https:\/\/holisticclinicspa.com\/wp-content\/uploads\/2023\/08\/cropped-holistics-hoja-32x32.png 32w\" sizes=\"(max-width: 512px) 100vw, 512px\" \/>\t\t\t\t\t\t\t\t\t\t\t\t\t\t\t<\/div>\n\t\t\t\t<\/div>\n\t\t\t\t<div class=\"elementor-element elementor-element-f39b5d7 elementor-widget__width-initial elementor-widget elementor-widget-text-editor\" data-id=\"f39b5d7\" data-element_type=\"widget\" data-e-type=\"widget\" data-widget_type=\"text-editor.default\">\n\t\t\t\t<div class=\"elementor-widget-container\">\n\t\t\t\t\t\t\t\t\t<p>Reactivation of the Krebs cycle: Helps improve cellular energy production by participating in the Krebs cycle.<\/p>\t\t\t\t\t\t\t\t<\/div>\n\t\t\t\t<\/div>\n\t\t\t\t<div class=\"elementor-element elementor-element-89e6257 elementor-widget__width-initial elementor-widget elementor-widget-image\" data-id=\"89e6257\" data-element_type=\"widget\" data-e-type=\"widget\" data-widget_type=\"image.default\">\n\t\t\t\t<div class=\"elementor-widget-container\">\n\t\t\t\t\t\t\t\t\t\t\t\t\t\t\t<img decoding=\"async\" width=\"512\" height=\"512\" src=\"https:\/\/holisticclinicspa.com\/wp-content\/uploads\/2023\/08\/cropped-holistics-hoja.png\" class=\"attachment-large size-large wp-image-229\" alt=\"\" srcset=\"https:\/\/holisticclinicspa.com\/wp-content\/uploads\/2023\/08\/cropped-holistics-hoja.png 512w, https:\/\/holisticclinicspa.com\/wp-content\/uploads\/2023\/08\/cropped-holistics-hoja-300x300.png 300w, https:\/\/holisticclinicspa.com\/wp-content\/uploads\/2023\/08\/cropped-holistics-hoja-150x150.png 150w, https:\/\/holisticclinicspa.com\/wp-content\/uploads\/2023\/08\/cropped-holistics-hoja-270x270.png 270w, https:\/\/holisticclinicspa.com\/wp-content\/uploads\/2023\/08\/cropped-holistics-hoja-192x192.png 192w, https:\/\/holisticclinicspa.com\/wp-content\/uploads\/2023\/08\/cropped-holistics-hoja-180x180.png 180w, https:\/\/holisticclinicspa.com\/wp-content\/uploads\/2023\/08\/cropped-holistics-hoja-32x32.png 32w\" sizes=\"(max-width: 512px) 100vw, 512px\" \/>\t\t\t\t\t\t\t\t\t\t\t\t\t\t\t<\/div>\n\t\t\t\t<\/div>\n\t\t\t\t<div class=\"elementor-element elementor-element-d980544 elementor-widget__width-initial elementor-widget elementor-widget-text-editor\" data-id=\"d980544\" data-element_type=\"widget\" data-e-type=\"widget\" data-widget_type=\"text-editor.default\">\n\t\t\t\t<div class=\"elementor-widget-container\">\n\t\t\t\t\t\t\t\t\t<p>Oxidative stress and aging: By reducing oxidative stress, it can have a positive effect on reducing the signs of aging.<\/p>\t\t\t\t\t\t\t\t<\/div>\n\t\t\t\t<\/div>\n\t\t\t\t<div class=\"elementor-element elementor-element-255e7e8 elementor-widget__width-initial elementor-widget elementor-widget-image\" data-id=\"255e7e8\" data-element_type=\"widget\" data-e-type=\"widget\" data-widget_type=\"image.default\">\n\t\t\t\t<div class=\"elementor-widget-container\">\n\t\t\t\t\t\t\t\t\t\t\t\t\t\t\t<img decoding=\"async\" width=\"512\" height=\"512\" src=\"https:\/\/holisticclinicspa.com\/wp-content\/uploads\/2023\/08\/cropped-holistics-hoja.png\" class=\"attachment-large size-large wp-image-229\" alt=\"\" srcset=\"https:\/\/holisticclinicspa.com\/wp-content\/uploads\/2023\/08\/cropped-holistics-hoja.png 512w, https:\/\/holisticclinicspa.com\/wp-content\/uploads\/2023\/08\/cropped-holistics-hoja-300x300.png 300w, https:\/\/holisticclinicspa.com\/wp-content\/uploads\/2023\/08\/cropped-holistics-hoja-150x150.png 150w, https:\/\/holisticclinicspa.com\/wp-content\/uploads\/2023\/08\/cropped-holistics-hoja-270x270.png 270w, https:\/\/holisticclinicspa.com\/wp-content\/uploads\/2023\/08\/cropped-holistics-hoja-192x192.png 192w, https:\/\/holisticclinicspa.com\/wp-content\/uploads\/2023\/08\/cropped-holistics-hoja-180x180.png 180w, https:\/\/holisticclinicspa.com\/wp-content\/uploads\/2023\/08\/cropped-holistics-hoja-32x32.png 32w\" sizes=\"(max-width: 512px) 100vw, 512px\" \/>\t\t\t\t\t\t\t\t\t\t\t\t\t\t\t<\/div>\n\t\t\t\t<\/div>\n\t\t\t\t<div class=\"elementor-element elementor-element-39be4de elementor-widget__width-initial elementor-widget elementor-widget-text-editor\" data-id=\"39be4de\" data-element_type=\"widget\" data-e-type=\"widget\" data-widget_type=\"text-editor.default\">\n\t\t\t\t<div class=\"elementor-widget-container\">\n\t\t\t\t\t\t\t\t\t<p>Cardiovascular and circulatory problems: Contributes to cardiovascular health and blood circulation as it is involved in the metabolism of carbohydrates and fats.<\/p>\t\t\t\t\t\t\t\t<\/div>\n\t\t\t\t<\/div>\n\t\t\t\t\t<\/div>\n\t\t<\/div>\n\t\t\t\t<div class=\"elementor-column elementor-col-50 elementor-inner-column elementor-element elementor-element-663e3fe\" data-id=\"663e3fe\" data-element_type=\"column\" data-e-type=\"column\">\n\t\t\t<div class=\"elementor-widget-wrap elementor-element-populated\">\n\t\t\t\t\t\t<div class=\"elementor-element elementor-element-90d28b7 elementor-widget__width-initial elementor-widget elementor-widget-image\" data-id=\"90d28b7\" data-element_type=\"widget\" data-e-type=\"widget\" data-widget_type=\"image.default\">\n\t\t\t\t<div class=\"elementor-widget-container\">\n\t\t\t\t\t\t\t\t\t\t\t\t\t\t\t<img decoding=\"async\" width=\"512\" height=\"512\" src=\"https:\/\/holisticclinicspa.com\/wp-content\/uploads\/2023\/08\/cropped-holistics-hoja.png\" class=\"attachment-large size-large wp-image-229\" alt=\"\" srcset=\"https:\/\/holisticclinicspa.com\/wp-content\/uploads\/2023\/08\/cropped-holistics-hoja.png 512w, https:\/\/holisticclinicspa.com\/wp-content\/uploads\/2023\/08\/cropped-holistics-hoja-300x300.png 300w, https:\/\/holisticclinicspa.com\/wp-content\/uploads\/2023\/08\/cropped-holistics-hoja-150x150.png 150w, https:\/\/holisticclinicspa.com\/wp-content\/uploads\/2023\/08\/cropped-holistics-hoja-270x270.png 270w, https:\/\/holisticclinicspa.com\/wp-content\/uploads\/2023\/08\/cropped-holistics-hoja-192x192.png 192w, https:\/\/holisticclinicspa.com\/wp-content\/uploads\/2023\/08\/cropped-holistics-hoja-180x180.png 180w, https:\/\/holisticclinicspa.com\/wp-content\/uploads\/2023\/08\/cropped-holistics-hoja-32x32.png 32w\" sizes=\"(max-width: 512px) 100vw, 512px\" \/>\t\t\t\t\t\t\t\t\t\t\t\t\t\t\t<\/div>\n\t\t\t\t<\/div>\n\t\t\t\t<div class=\"elementor-element elementor-element-a5baa83 elementor-widget__width-initial elementor-widget elementor-widget-text-editor\" data-id=\"a5baa83\" data-element_type=\"widget\" data-e-type=\"widget\" data-widget_type=\"text-editor.default\">\n\t\t\t\t<div class=\"elementor-widget-container\">\n\t\t\t\t\t\t\t\t\t<p>Nutritional disorders and diabetes: May be useful in cases of vitamin B1 deficiency and in the management of diabetes by improving glucose utilization.<\/p>\t\t\t\t\t\t\t\t<\/div>\n\t\t\t\t<\/div>\n\t\t\t\t<div class=\"elementor-element elementor-element-091a607 elementor-widget__width-initial elementor-widget elementor-widget-image\" data-id=\"091a607\" data-element_type=\"widget\" data-e-type=\"widget\" data-widget_type=\"image.default\">\n\t\t\t\t<div class=\"elementor-widget-container\">\n\t\t\t\t\t\t\t\t\t\t\t\t\t\t\t<img decoding=\"async\" width=\"512\" height=\"512\" src=\"https:\/\/holisticclinicspa.com\/wp-content\/uploads\/2023\/08\/cropped-holistics-hoja.png\" class=\"attachment-large size-large wp-image-229\" alt=\"\" srcset=\"https:\/\/holisticclinicspa.com\/wp-content\/uploads\/2023\/08\/cropped-holistics-hoja.png 512w, https:\/\/holisticclinicspa.com\/wp-content\/uploads\/2023\/08\/cropped-holistics-hoja-300x300.png 300w, https:\/\/holisticclinicspa.com\/wp-content\/uploads\/2023\/08\/cropped-holistics-hoja-150x150.png 150w, https:\/\/holisticclinicspa.com\/wp-content\/uploads\/2023\/08\/cropped-holistics-hoja-270x270.png 270w, https:\/\/holisticclinicspa.com\/wp-content\/uploads\/2023\/08\/cropped-holistics-hoja-192x192.png 192w, https:\/\/holisticclinicspa.com\/wp-content\/uploads\/2023\/08\/cropped-holistics-hoja-180x180.png 180w, https:\/\/holisticclinicspa.com\/wp-content\/uploads\/2023\/08\/cropped-holistics-hoja-32x32.png 32w\" sizes=\"(max-width: 512px) 100vw, 512px\" \/>\t\t\t\t\t\t\t\t\t\t\t\t\t\t\t<\/div>\n\t\t\t\t<\/div>\n\t\t\t\t<div class=\"elementor-element elementor-element-8e38fcf elementor-widget__width-initial elementor-widget elementor-widget-text-editor\" data-id=\"8e38fcf\" data-element_type=\"widget\" data-e-type=\"widget\" data-widget_type=\"text-editor.default\">\n\t\t\t\t<div class=\"elementor-widget-container\">\n\t\t\t\t\t\t\t\t\t<p>Chronic degenerative diseases and endothelial dysfunction: May be beneficial in diseases such as Alzheimer's disease and improve endothelial function, related to vascular health.<\/p>\t\t\t\t\t\t\t\t<\/div>\n\t\t\t\t<\/div>\n\t\t\t\t\t<\/div>\n\t\t<\/div>\n\t\t\t\t\t<\/div>\n\t\t<\/section>\n\t\t\t\t<div class=\"elementor-element elementor-element-f95c017 elementor-widget elementor-widget-spacer\" data-id=\"f95c017\" data-element_type=\"widget\" data-e-type=\"widget\" data-widget_type=\"spacer.default\">\n\t\t\t\t<div class=\"elementor-widget-container\">\n\t\t\t\t\t\t\t<div class=\"elementor-spacer\">\n\t\t\t<div class=\"elementor-spacer-inner\"><\/div>\n\t\t<\/div>\n\t\t\t\t\t\t<\/div>\n\t\t\t\t<\/div>\n\t\t\t\t\t<\/div>\n\t\t<\/div>\n\t\t\t\t\t<\/div>\n\t\t<\/section>\n\t\t\t\t<\/div>","protected":false},"excerpt":{"rendered":"<p>Sueroterapia: Cocarboxilasa El &#8220;dripping&#8221; de cocarboxilasa, una forma activa de la vitamina B1, puede ofrecer diversos beneficios: Efectos y beneficios Reactivaci\u00f3n del ciclo de Krebs: Ayuda a mejorar la producci\u00f3n de energ\u00eda celular al participar en el ciclo de Krebs Estr\u00e9s oxidativo y envejecimiento: Al reducir el estr\u00e9s oxidativo, puede tener un efecto positivo en [&hellip;]<\/p>\n","protected":false},"author":1,"featured_media":0,"parent":0,"menu_order":0,"comment_status":"closed","ping_status":"closed","template":"","meta":{"_monsterinsights_skip_tracking":false,"_monsterinsights_sitenote_active":false,"_monsterinsights_sitenote_note":"","_monsterinsights_sitenote_category":0,"footnotes":""},"class_list":["post-3431","page","type-page","status-publish","hentry"],"aioseo_notices":[],"_links":{"self":[{"href":"https:\/\/holisticclinicspa.com\/en\/wp-json\/wp\/v2\/pages\/3431","targetHints":{"allow":["GET"]}}],"collection":[{"href":"https:\/\/holisticclinicspa.com\/en\/wp-json\/wp\/v2\/pages"}],"about":[{"href":"https:\/\/holisticclinicspa.com\/en\/wp-json\/wp\/v2\/types\/page"}],"author":[{"embeddable":true,"href":"https:\/\/holisticclinicspa.com\/en\/wp-json\/wp\/v2\/users\/1"}],"replies":[{"embeddable":true,"href":"https:\/\/holisticclinicspa.com\/en\/wp-json\/wp\/v2\/comments?post=3431"}],"version-history":[{"count":5,"href":"https:\/\/holisticclinicspa.com\/en\/wp-json\/wp\/v2\/pages\/3431\/revisions"}],"predecessor-version":[{"id":3438,"href":"https:\/\/holisticclinicspa.com\/en\/wp-json\/wp\/v2\/pages\/3431\/revisions\/3438"}],"wp:attachment":[{"href":"https:\/\/holisticclinicspa.com\/en\/wp-json\/wp\/v2\/media?parent=3431"}],"curies":[{"name":"wp","href":"https:\/\/api.w.org\/{rel}","templated":true}]}}